{"id":87,"date":"2020-04-29T14:44:51","date_gmt":"2020-04-29T14:44:51","guid":{"rendered":"http:\/\/raulavellaneda.de\/?page_id=87"},"modified":"2024-06-07T14:15:23","modified_gmt":"2024-06-07T12:15:23","slug":"1970-1980","status":"publish","type":"page","link":"https:\/\/raulavellaneda.de\/?page_id=87","title":{"rendered":"In Deutschland, 1989 &#8211; 2024"},"content":{"rendered":"\n<div style=\"height:20px\" aria-hidden=\"true\" class=\"wp-block-spacer\"><\/div>\n\n\n\n<p class=\"has-medium-font-size\">Im Januar 1989 kam Ra\u00fal Avellaneda, als Mitglied der Grupo Chaclacayo, nach Deutschland, um hier das Projekt &#8222;TODESBILDER &#8211; <em>Per\u00fa oder Das Ende des europ\u00e4ischen Traums<\/em>&#8220; in mehreren deutschen St\u00e4dten zu pr\u00e4sentieren.<\/p>\n\n\n\n<p class=\"has-medium-font-size\"><em>&#8222;Ich verlie\u00df mein Land mit gemischten Gef\u00fchlen, mein Herz war zerrissen, mir war bewusst, dass ich unter den gegebenen politischen Umst\u00e4nden, mein Land nicht mehr betreten k\u00f6nnte. Ich nahm ein trauriges und beklemmendes Gef\u00fchl der Ohnmacht mit. Neue Perspektiven f\u00fcr die weitere Entwicklung unserer Arbeit in Europa sollten ausgebaut werden. Wir planten das, in Per\u00fa angefangene, Projekt in Europa weiter zu entwickeln. Vom Europ\u00e4ischen Boden aus (es wurde an Spanien als Kolonialland gedacht) wollten wir, aus der Perspektive der &#8222;anderen Seite der Medaille&#8220;, Einblicke in die Urspr\u00fcnge des Kolonialismus und seine konkreten Todesfolgen darstellen<\/em>. <em>Wir fanden Aufnahme im Haus von Ruth Johow. Frau Johow war die wichtigste Person f\u00fcr Helmut Psotta und hatte mit gro\u00dfer Loyalit\u00e4t uns Peruaner mit Hund und Katze aufgenommen. <\/em><\/p>\n\n\n\n<p class=\"has-medium-font-size\"><em>Das Haus stand abseits von allem in Gahlen, Gemeinde Schermbeck, umgeben von wilden Pflanzen, V\u00f6geln und W\u00e4ldern. Ich f\u00fchlte mich dort sehr geborgen, Frau Johows Verbundenheit und Kreativit\u00e4t begleitete mich bis zu ihrem Tod im Winter 1991.\u201c<\/em><\/p>\n\n\n\n<div style=\"height:20px\" aria-hidden=\"true\" class=\"wp-block-spacer\"><\/div>\n\n\n<div class=\"wp-block-image\">\n<figure class=\"aligncenter size-full is-resized\"><img loading=\"lazy\" decoding=\"async\" width=\"840\" height=\"570\" src=\"https:\/\/raulavellaneda.de\/wp-content\/uploads\/web-CCF10122023.jpg\" alt=\"\" class=\"wp-image-2254\" style=\"width:364px\" srcset=\"https:\/\/raulavellaneda.de\/wp-content\/uploads\/web-CCF10122023.jpg 840w, https:\/\/raulavellaneda.de\/wp-content\/uploads\/web-CCF10122023-300x204.jpg 300w, https:\/\/raulavellaneda.de\/wp-content\/uploads\/web-CCF10122023-768x521.jpg 768w\" sizes=\"auto, (max-width: 709px) 85vw, (max-width: 909px) 67vw, (max-width: 1362px) 62vw, 840px\" \/><figcaption class=\"wp-element-caption\"><strong>Das Gahlener Haus, Februar 1990, Foto: Ra\u00fal Avellaneda<\/strong><\/figcaption><\/figure>\n<\/div>\n\n\n<div style=\"height:20px\" aria-hidden=\"true\" class=\"wp-block-spacer\"><\/div>\n\n\n\n<p class=\"has-medium-font-size\">Doch es kam alles anders: Sergio Zevallos distanzierte sich, bei Beendigung der Tournee in Deutschland, im Sommer 1990, von den gemeinsamen Absichten der Gruppe und erreichte damit die Aufl\u00f6sung der langj\u00e4hrigen Arbeit der <em>Grupo Chaclacyo<\/em>.<\/p>\n\n\n\n<p class=\"has-medium-font-size\"><em>&#8222;Helmut und ich konnten den Wandel in Sergios Gesinnung nicht verstehen. Unsere emotionale Bindung mit ihm war so stark gewesen, dass wir lange Zeit brauchten, um uns endg\u00fcltig damit abzufinden. Ich blieb an Helmuts Seite und wir wohnten gemeinsam im Gahlener Haus.<\/em> <em>Helmut begegnete, nach einem Jahrzehnt, seinen chilenischen und holl\u00e4ndischen Arbeiten wieder und setzte sich mit diesen zahlreichen Werken, seiner Vergangenheit, auseinander. Ich war von der Kraft dieser Arbeiten, die er vor unserem Kennenlernen geschaffen hatte, fasziniert<\/em>.&#8220;<\/p>\n\n\n\n<p class=\"has-medium-font-size\">Ra\u00fal Avellaneda und Helmut Psotta lebten und arbeiteten, im Gahlener Haus, an verschiedenen Zyklen. Klaus Wittkamp, der die Gruppe in Lima besuchte und seit ihrem Aufenthalt in Deutschland begleitete, blieb der Sache gegen\u00fcber solidarisch und stand Psotta und Avellaneda, mit gro\u00dfer \u00dcberzeugung, zur Seite.<\/p>\n\n\n\n<p class=\"has-medium-font-size\">Im Jahr 1991 lernte Avellaneda die bekannte K\u00f6lner Galeristin Inge Baecker kennen. Frau Baecker besuchte das Haus und traf die Entscheidung, die Installation &#8222;Portrait eines Peruanischen Generals&#8220;, die Avellaneda als Teilnehmer der Grupo Chaclacayo im Jahr 1987 realisiert hatte, in K\u00f6ln zu pr\u00e4sentieren. Der K\u00fcnstler schuf zahlreiche neue Zeichnungen \u00fcber General Cabrejos Mej\u00eda in seinem Atelier, die als Teil des Projektes in der Galerie Inge Baecker im Jahr 1991 ausgestellt wurden.<\/p>\n\n\n\n<div style=\"height:20px\" aria-hidden=\"true\" class=\"wp-block-spacer\"><\/div>\n\n\n\n<div class=\"wp-block-columns is-layout-flex wp-container-core-columns-is-layout-9d6595d7 wp-block-columns-is-layout-flex\">\n<div class=\"wp-block-column is-layout-flow wp-block-column-is-layout-flow\">\n<figure class=\"wp-block-image size-full\"><img loading=\"lazy\" decoding=\"async\" width=\"480\" height=\"701\" src=\"https:\/\/raulavellaneda.de\/wp-content\/uploads\/web-0055-1.jpg\" alt=\"\" class=\"wp-image-4589\" srcset=\"https:\/\/raulavellaneda.de\/wp-content\/uploads\/web-0055-1.jpg 480w, https:\/\/raulavellaneda.de\/wp-content\/uploads\/web-0055-1-205x300.jpg 205w\" sizes=\"auto, (max-width: 480px) 85vw, 480px\" \/><\/figure>\n<\/div>\n\n\n\n<div class=\"wp-block-column is-layout-flow wp-block-column-is-layout-flow\">\n<figure class=\"wp-block-image size-full\"><img loading=\"lazy\" decoding=\"async\" width=\"505\" height=\"729\" src=\"https:\/\/raulavellaneda.de\/wp-content\/uploads\/0056-4.jpg\" alt=\"\" class=\"wp-image-3374\" srcset=\"https:\/\/raulavellaneda.de\/wp-content\/uploads\/0056-4.jpg 505w, https:\/\/raulavellaneda.de\/wp-content\/uploads\/0056-4-208x300.jpg 208w\" sizes=\"auto, (max-width: 505px) 85vw, 505px\" \/><\/figure>\n<\/div>\n\n\n\n<div class=\"wp-block-column is-layout-flow wp-block-column-is-layout-flow\">\n<figure class=\"wp-block-image size-full\"><img loading=\"lazy\" decoding=\"async\" width=\"512\" height=\"740\" src=\"https:\/\/raulavellaneda.de\/wp-content\/uploads\/0054-2.jpg\" alt=\"\" class=\"wp-image-3375\" srcset=\"https:\/\/raulavellaneda.de\/wp-content\/uploads\/0054-2.jpg 512w, https:\/\/raulavellaneda.de\/wp-content\/uploads\/0054-2-208x300.jpg 208w\" sizes=\"auto, (max-width: 512px) 85vw, 512px\" \/><\/figure>\n<\/div>\n<\/div>\n\n\n\n<div style=\"height:20px\" aria-hidden=\"true\" class=\"wp-block-spacer\"><\/div>\n\n\n\n<p class=\"has-medium-font-size\">Mehrere Versuche, Avellanedas Werk in der Bundesrepublik zu pr\u00e4sentieren, scheiterten an seiner Weigerung die bis dahin entstandenen Werke zu kommerzialisieren.<\/p>\n\n\n\n<p class=\"has-medium-font-size\"><em>&#8222;Ich war dem Tod und der Folter entkommen, die kommerziellen Absichten des europ\u00e4ischen Kunstbetriebs passten nicht zu meiner inneren emotionalen Situation.\u201c<\/em><\/p>\n\n\n\n<p class=\"has-medium-font-size\">Avellaneda suchte erneut ein Refugium in seiner k\u00fcnstlerischen Arbeit, auf diese Weise entstanden, in Gahlen, die Serien &#8222;Variationen \u00fcber Leonardos K\u00f6pfe&#8220; und zahlreiche weitere Werke.<\/p>\n\n\n\n<div style=\"height:20px\" aria-hidden=\"true\" class=\"wp-block-spacer\"><\/div>\n\n\n\n<div class=\"wp-block-columns is-layout-flex wp-container-core-columns-is-layout-9d6595d7 wp-block-columns-is-layout-flex\">\n<div class=\"wp-block-column is-layout-flow wp-block-column-is-layout-flow\">\n<figure class=\"wp-block-image size-full\"><img loading=\"lazy\" decoding=\"async\" width=\"480\" height=\"636\" src=\"https:\/\/raulavellaneda.de\/wp-content\/uploads\/web-IMG_0667-1.jpg\" alt=\"\" class=\"wp-image-3139\" srcset=\"https:\/\/raulavellaneda.de\/wp-content\/uploads\/web-IMG_0667-1.jpg 480w, https:\/\/raulavellaneda.de\/wp-content\/uploads\/web-IMG_0667-1-226x300.jpg 226w\" sizes=\"auto, (max-width: 480px) 85vw, 480px\" \/><\/figure>\n<\/div>\n\n\n\n<div class=\"wp-block-column is-layout-flow wp-block-column-is-layout-flow\">\n<figure class=\"wp-block-image size-full\"><img loading=\"lazy\" decoding=\"async\" width=\"480\" height=\"628\" src=\"https:\/\/raulavellaneda.de\/wp-content\/uploads\/web-IMG_0683-2.jpg\" alt=\"\" class=\"wp-image-3140\" srcset=\"https:\/\/raulavellaneda.de\/wp-content\/uploads\/web-IMG_0683-2.jpg 480w, https:\/\/raulavellaneda.de\/wp-content\/uploads\/web-IMG_0683-2-229x300.jpg 229w\" sizes=\"auto, (max-width: 480px) 85vw, 480px\" \/><\/figure>\n<\/div>\n\n\n\n<div class=\"wp-block-column is-layout-flow wp-block-column-is-layout-flow\">\n<figure class=\"wp-block-image size-full\"><img loading=\"lazy\" decoding=\"async\" width=\"480\" height=\"636\" src=\"https:\/\/raulavellaneda.de\/wp-content\/uploads\/web-IMG_0668-1.jpg\" alt=\"\" class=\"wp-image-3141\" srcset=\"https:\/\/raulavellaneda.de\/wp-content\/uploads\/web-IMG_0668-1.jpg 480w, https:\/\/raulavellaneda.de\/wp-content\/uploads\/web-IMG_0668-1-226x300.jpg 226w\" sizes=\"auto, (max-width: 480px) 85vw, 480px\" \/><\/figure>\n<\/div>\n<\/div>\n\n\n\n<div style=\"height:20px\" aria-hidden=\"true\" class=\"wp-block-spacer\"><\/div>\n\n\n\n<p class=\"has-medium-font-size\" id=\"Ichhockte\"><em>&#8222;Ich hockte erneut <em>im dunklen Atelier<\/em><\/em> <em>auf dem Boden, zeichnete und konstruierte Objekte, die meine zerrissene innere Befindlichkeit wiedergaben. Ich vermisste den Geruch nach Andenh\u00f6he, nach Retama und Huacatay&#8230;&#8220;<\/em><\/p>\n\n\n\n<p class=\"has-medium-font-size\">Im Jahr 1994 nahm Avellaneda Kontakt mit dem Essener Galeristen Klaus Kiefer auf, dort beteiligte er sich an mehreren Gruppenausstellungen bis zum Jahr 2016.<\/p>\n\n\n\n<div style=\"height:20px\" aria-hidden=\"true\" class=\"wp-block-spacer\"><\/div>\n\n\n\n<div class=\"wp-block-columns is-layout-flex wp-container-core-columns-is-layout-9d6595d7 wp-block-columns-is-layout-flex\">\n<div class=\"wp-block-column is-layout-flow wp-block-column-is-layout-flow\" style=\"flex-basis:33.34%\">\n<figure class=\"wp-block-image size-full is-resized\"><img loading=\"lazy\" decoding=\"async\" width=\"480\" height=\"678\" src=\"https:\/\/raulavellaneda.de\/wp-content\/uploads\/web-IMG_8082-4.jpg\" alt=\"\" class=\"wp-image-4960\" style=\"width:232px;height:auto\" srcset=\"https:\/\/raulavellaneda.de\/wp-content\/uploads\/web-IMG_8082-4.jpg 480w, https:\/\/raulavellaneda.de\/wp-content\/uploads\/web-IMG_8082-4-212x300.jpg 212w\" sizes=\"auto, (max-width: 480px) 85vw, 480px\" \/><\/figure>\n<\/div>\n\n\n\n<div class=\"wp-block-column is-layout-flow wp-block-column-is-layout-flow\" style=\"flex-basis:33.34%\">\n<figure class=\"wp-block-image size-full is-resized\"><img loading=\"lazy\" decoding=\"async\" width=\"480\" height=\"601\" src=\"https:\/\/raulavellaneda.de\/wp-content\/uploads\/web-IMG_0696-3.jpg\" alt=\"\" class=\"wp-image-4961\" style=\"width:382px;height:auto\" srcset=\"https:\/\/raulavellaneda.de\/wp-content\/uploads\/web-IMG_0696-3.jpg 480w, https:\/\/raulavellaneda.de\/wp-content\/uploads\/web-IMG_0696-3-240x300.jpg 240w\" sizes=\"auto, (max-width: 480px) 85vw, 480px\" \/><\/figure>\n<\/div>\n\n\n\n<div class=\"wp-block-column is-layout-flow wp-block-column-is-layout-flow\" style=\"flex-basis:33.33%\">\n<figure class=\"wp-block-image size-full is-resized\"><img loading=\"lazy\" decoding=\"async\" width=\"480\" height=\"667\" src=\"https:\/\/raulavellaneda.de\/wp-content\/uploads\/web-IMG_8089-5.jpg\" alt=\"\" class=\"wp-image-4962\" style=\"width:240px;height:auto\" srcset=\"https:\/\/raulavellaneda.de\/wp-content\/uploads\/web-IMG_8089-5.jpg 480w, https:\/\/raulavellaneda.de\/wp-content\/uploads\/web-IMG_8089-5-216x300.jpg 216w\" sizes=\"auto, (max-width: 480px) 85vw, 480px\" \/><\/figure>\n<\/div>\n<\/div>\n\n\n\n<div style=\"height:20px\" aria-hidden=\"true\" class=\"wp-block-spacer\"><\/div>\n\n\n\n<p class=\"has-medium-font-size\">Im Sommer 1995 gr\u00fcndete Avellaneda die \u201eGruppe Nebelhorn\u201c, um mit behinderten und nicht behinderten Menschen ein k\u00fcnstlerisches Projekt zu erarbeiten, das alle bildenden und multimedialen Ausdrucksm\u00f6glichkeiten umfasst. Das Atelier ist ein <em>offener Raum <\/em>geworden, in dem alle ihren Phantasien eine Gestalt geben k\u00f6nnen.<\/p>\n\n\n\n<p class=\"has-medium-font-size\"><em>\u201eMeine Begegnung mit allen Randgruppen der Gesellschaft, vereint durch die gemeinsame k\u00fcnstlerische Arbeit, gab mir ganz neue Impulse, die erneut mein gesamtes Wissen und K\u00f6nnen in Frage stellten. Ich bin von der Direktheit der \u00e4sthetischen \u00c4u\u00dferungen fasziniert. Die innere Notwendigkeit des k\u00fcnstlerischen Ausdrucks, die ausgesto\u00dfene Menschen aufgrund ihres \u201eAndersseins\u201c sichtbar machen, erweckten in mir Erinnerungen.\u201c&nbsp;<\/em><\/p>\n\n\n\n<p class=\"has-medium-font-size\">\u00dcber Ausstellungen und \u00f6ffentliche Aktionen zeigt Nebelhorn einem breiten Publikum regelm\u00e4\u00dfig die Resultate des gemeinsamen k\u00fcnstlerischen Austauschs.<\/p>\n\n\n\n<div style=\"height:20px\" aria-hidden=\"true\" class=\"wp-block-spacer\"><\/div>\n\n\n<div class=\"wp-block-image\">\n<figure class=\"aligncenter size-full is-resized\"><img loading=\"lazy\" decoding=\"async\" width=\"490\" height=\"689\" src=\"https:\/\/raulavellaneda.de\/wp-content\/uploads\/Nebelhorn-Katalog-2012_Seite_02_Bild_0001.jpg\" alt=\"\" class=\"wp-image-5105\" style=\"width:364px\" srcset=\"https:\/\/raulavellaneda.de\/wp-content\/uploads\/Nebelhorn-Katalog-2012_Seite_02_Bild_0001.jpg 490w, https:\/\/raulavellaneda.de\/wp-content\/uploads\/Nebelhorn-Katalog-2012_Seite_02_Bild_0001-213x300.jpg 213w\" sizes=\"auto, (max-width: 490px) 85vw, 490px\" \/><figcaption class=\"wp-element-caption\">Einige Teilnehmenden der Gruppe Nebelhorn, Schermbeck, 2012<\/figcaption><\/figure>\n<\/div>\n\n\n<div style=\"height:20px\" aria-hidden=\"true\" class=\"wp-block-spacer\"><\/div>\n\n\n\n<p class=\"has-medium-font-size\">Helmut Psotta realisierte, zwischen 2004 und 2009, drei Workshops mit Teilnehmenden der Gruppe: \u201eSpiegelbilder\u201c, \u201eDer Erlk\u00f6nig\u201c und \u201eDer Zauberlehrling\u201c.<\/p>\n\n\n\n<p class=\"has-medium-font-size\">Inzwischen ist die Arbeit der Gruppe \u00fcberregional bekannt. Mehr dar\u00fcber unter: www.nebelhorn.org<\/p>\n\n\n\n<div style=\"height:30px\" aria-hidden=\"true\" class=\"wp-block-spacer\"><\/div>\n\n\n\n<p class=\"has-medium-font-size\">1999 zog H. J. Psotta aus dem gemeinsamen Haus in Gahlen nach Berlin, um zusammen mit Arndt Beck an dem Foto <em>\u2013<\/em> Essay <em>Autopsie 2000 \u2013 Stillstand der Geschichte<\/em> zu arbeiten. Er blieb in regelm\u00e4\u00dfigem Kontakt mit Avellaneda, der in einem Haus, am Rande der Gemeinde Schermbeck, bis 2011, wohnte.<\/p>\n\n\n\n<p class=\"has-medium-font-size\">Im Dezember 2012 starb Helmut Psotta, in Begleitung von Arndt Beck und Ra\u00fal Avellaneda, im Haus des K\u00fcnstlers in Wesel.<\/p>\n\n\n\n<p class=\"has-medium-font-size\"><em>\u201eNach drei\u00dfig Jahren musste ich von einem Teil meiner Selbst Abschied nehmen. Ich f\u00fchlte mich kalt und versunken, in einer mir bekannten Einsamkeit. Motiviert von der inneren Kraft, die ich in drei Jahrzehnten meines Lebens von Helmut bekommen hatte, suchte ich weitere Wege im k\u00fcnstlerischen Ausdruck.\u201c<\/em><\/p>\n\n\n\n<p class=\"has-medium-font-size\">Avellaneda arbeitet bis heute an aktuellen gesellschaftlichen Themen, als Folge des Macht-Missbrauchs:<\/p>\n\n\n\n<p class=\"has-medium-font-size\">Die verbrecherische Machtstruktur der katholischen Ideologie und deren Perversionen, die Problematik von Kindern als Opfer des kapitalistischen Systems, sowie menschenverachtende Strukturen, sind einige Themen, die vom K\u00fcnstler in Bildern und Objekte verarbeitet werden.<\/p>\n\n\n\n<div style=\"height:20px\" aria-hidden=\"true\" class=\"wp-block-spacer\"><\/div>\n\n\n\n<div class=\"wp-block-columns is-layout-flex wp-container-core-columns-is-layout-9d6595d7 wp-block-columns-is-layout-flex\">\n<div class=\"wp-block-column is-layout-flow wp-block-column-is-layout-flow\">\n<figure class=\"wp-block-image size-full\"><img loading=\"lazy\" decoding=\"async\" width=\"480\" height=\"614\" src=\"https:\/\/raulavellaneda.de\/wp-content\/uploads\/web-IMG_0711-1.jpg\" alt=\"\" class=\"wp-image-3376\" srcset=\"https:\/\/raulavellaneda.de\/wp-content\/uploads\/web-IMG_0711-1.jpg 480w, https:\/\/raulavellaneda.de\/wp-content\/uploads\/web-IMG_0711-1-235x300.jpg 235w\" sizes=\"auto, (max-width: 480px) 85vw, 480px\" \/><\/figure>\n<\/div>\n\n\n\n<div class=\"wp-block-column is-layout-flow wp-block-column-is-layout-flow\">\n<figure class=\"wp-block-image size-full\"><img loading=\"lazy\" decoding=\"async\" width=\"480\" height=\"520\" src=\"https:\/\/raulavellaneda.de\/wp-content\/uploads\/web-IMG_8003-1.jpg\" alt=\"\" class=\"wp-image-3378\" srcset=\"https:\/\/raulavellaneda.de\/wp-content\/uploads\/web-IMG_8003-1.jpg 480w, https:\/\/raulavellaneda.de\/wp-content\/uploads\/web-IMG_8003-1-277x300.jpg 277w\" sizes=\"auto, (max-width: 480px) 85vw, 480px\" \/><\/figure>\n<\/div>\n\n\n\n<div class=\"wp-block-column is-layout-flow wp-block-column-is-layout-flow\">\n<figure class=\"wp-block-image size-full\"><img loading=\"lazy\" decoding=\"async\" width=\"480\" height=\"610\" src=\"https:\/\/raulavellaneda.de\/wp-content\/uploads\/web-IMG_0703-1.jpg\" alt=\"\" class=\"wp-image-3377\" srcset=\"https:\/\/raulavellaneda.de\/wp-content\/uploads\/web-IMG_0703-1.jpg 480w, https:\/\/raulavellaneda.de\/wp-content\/uploads\/web-IMG_0703-1-236x300.jpg 236w\" sizes=\"auto, (max-width: 480px) 85vw, 480px\" \/><\/figure>\n<\/div>\n<\/div>\n\n\n\n<p class=\"has-text-align-center has-medium-font-size\"><a href=\"https:\/\/raulavellaneda.de\/?page_id=1337\">Werke<\/a><\/p>\n\n\n\n<div style=\"height:120px\" aria-hidden=\"true\" class=\"wp-block-spacer\"><\/div>\n","protected":false},"excerpt":{"rendered":"<p>Im Januar 1989 kam Ra\u00fal Avellaneda, als Mitglied der Grupo Chaclacayo, nach Deutschland, um hier das Projekt &#8222;TODESBILDER &#8211; Per\u00fa oder Das Ende des europ\u00e4ischen Traums&#8220; in mehreren deutschen St\u00e4dten zu pr\u00e4sentieren. &#8222;Ich verlie\u00df mein Land mit gemischten Gef\u00fchlen, mein Herz war zerrissen, mir war bewusst, dass ich unter den gegebenen politischen Umst\u00e4nden, mein Land &hellip; <a href=\"https:\/\/raulavellaneda.de\/?page_id=87\" class=\"more-link\"><span class=\"screen-reader-text\">\u201eIn Deutschland, 1989 &#8211; 2024\u201c<\/span> weiterlesen<\/a><\/p>\n","protected":false},"author":1,"featured_media":0,"parent":0,"menu_order":0,"comment_status":"closed","ping_status":"closed","template":"","meta":{"footnotes":""},"class_list":["post-87","page","type-page","status-publish","hentry"],"_links":{"self":[{"href":"https:\/\/raulavellaneda.de\/index.php?rest_route=\/wp\/v2\/pages\/87","targetHints":{"allow":["GET"]}}],"collection":[{"href":"https:\/\/raulavellaneda.de\/index.php?rest_route=\/wp\/v2\/pages"}],"about":[{"href":"https:\/\/raulavellaneda.de\/index.php?rest_route=\/wp\/v2\/types\/page"}],"author":[{"embeddable":true,"href":"https:\/\/raulavellaneda.de\/index.php?rest_route=\/wp\/v2\/users\/1"}],"replies":[{"embeddable":true,"href":"https:\/\/raulavellaneda.de\/index.php?rest_route=%2Fwp%2Fv2%2Fcomments&post=87"}],"version-history":[{"count":102,"href":"https:\/\/raulavellaneda.de\/index.php?rest_route=\/wp\/v2\/pages\/87\/revisions"}],"predecessor-version":[{"id":5142,"href":"https:\/\/raulavellaneda.de\/index.php?rest_route=\/wp\/v2\/pages\/87\/revisions\/5142"}],"wp:attachment":[{"href":"https:\/\/raulavellaneda.de\/index.php?rest_route=%2Fwp%2Fv2%2Fmedia&parent=87"}],"curies":[{"name":"wp","href":"https:\/\/api.w.org\/{rel}","templated":true}]}}