{"id":5417,"date":"2026-01-07T20:48:09","date_gmt":"2026-01-07T19:48:09","guid":{"rendered":"https:\/\/raulavellaneda.de\/?page_id=5417"},"modified":"2026-01-07T21:55:05","modified_gmt":"2026-01-07T20:55:05","slug":"wir-sind-nur-ein-stueck-fleisch-ausstellung-in-bogota-2025-2026","status":"publish","type":"page","link":"https:\/\/raulavellaneda.de\/?page_id=5417","title":{"rendered":"&#8222;Wir sind nur ein St\u00fcck Fleisch&#8220; Ausstellung in Bogot\u00e1 2025-2026"},"content":{"rendered":"\n<div style=\"height:100px\" aria-hidden=\"true\" class=\"wp-block-spacer\"><\/div>\n\n\n<div class=\"wp-block-image\">\n<figure class=\"aligncenter size-full\"><img loading=\"lazy\" decoding=\"async\" width=\"500\" height=\"625\" src=\"https:\/\/raulavellaneda.de\/wp-content\/uploads\/web-0000-1.jpg\" alt=\"\" class=\"wp-image-5418\" srcset=\"https:\/\/raulavellaneda.de\/wp-content\/uploads\/web-0000-1.jpg 500w, https:\/\/raulavellaneda.de\/wp-content\/uploads\/web-0000-1-240x300.jpg 240w\" sizes=\"auto, (max-width: 500px) 85vw, 500px\" \/><figcaption class=\"wp-element-caption\"><strong>\u201eWir sind nichts weiter als ein St\u00fcck Fleisch\u201c<\/strong>, Plakat der Ausstellung in el Espacio El Dorado, Bogot\u00e1, 2025-2026<br><\/figcaption><\/figure>\n<\/div>\n\n\n<p class=\"has-medium-font-size\"><br>Kurze Anthologie des Werks von Ra\u00fal Avellaneda <\/p>\n\n\n\n<p class=\"has-medium-font-size\"><em>Das Werk von Ra\u00fal Avellaneda (Lima, 1960) ist in den letzten Jahrzehnten weitgehend au\u00dferhalb des Blickfelds der kritischen Kunstgeschichtsschreibung und -Erinnerung geblieben, obwohl er eine zentrale Figur mit einem entscheidenden Beitrag f\u00fcr die zeitgen\u00f6ssischen peruanischen und lateinamerikanischen Kunstszenen darstellt. Eine fr\u00fche Empfindlichkeit und Ablehnung gegen\u00fcber seinem unmittelbaren famili\u00e4ren Umfeld \u2014 sp\u00e4ter ausgeweitet auf eine privilegierte Klasse, die sich selbst f\u00e4lschlich als dominant wahrnimmt und der dieses Umfeld angeh\u00f6rt \u2014 weckte schon fr\u00fch eine Haltung, die es ihm bis heute erm\u00f6glicht, das Privileg zu bewahren, die R\u00e4nder als Epizentren seiner k\u00fcnstlerischen Projekte zu bewohnen. Sein lebensgeschichtlicher und kreativer Werdegang, sowohl individuell als auch kollektiv, erlaubte ihm eine Eingliederung, extreme Affinit\u00e4t und sogar vollst\u00e4ndige Koexistenz mit nahezu allen Formen sozialer Ausgrenzung, die wir uns \u2014 im Widerspruch zu den respektierten Denk- und Handlungsweisen \u2014 zun\u00e4chst vorstellen k\u00f6nnen. Von einer N\u00e4he zu Ideen politischer Auflehnung und visueller Insubordination, die mit seiner eigenen Homosexualit\u00e4t verbunden sind, bis hin zu psychisch-mentalen Formen, aus denen sich radikale Dissense mit der Realit\u00e4t als Banner erheben, erforscht der K\u00fcnstler auf au\u00dfergew\u00f6hnliche Weise alternative Modi des Zusammenlebens fernab der Eliten, die die Geringsch\u00e4tzung anderer gesellschaftlicher Sektoren vorangetrieben haben \u2014 als Methode, um deren Ausbeutung unter heute nicht mehr hinnehmbaren Ordnungen und Vorschriften aufrechtzuerhalten, die von heuchlerischer religi\u00f6ser Hingabe, moralischen Vorurteilen oder milit\u00e4rischem Autoritarismus auferlegt wurden. Diese Auswahl repr\u00e4sentativer Werkserien spricht auf unterschiedliche Weise von der Fragilit\u00e4t oder Verletzlichkeit, mit der Avellaneda in Unverfrorenheit oder Opulenz eine N\u00e4he zum Verfall wahrnimmt. Es handelt sich um eine nahezu organische Konfrontation mit Impulsen, Begierden und ebenso d\u00fcsteren Welten, aus denen er mit beunruhigender, stets klarer Imagination ein visuelles Konzept entwickelt, das aus der Realit\u00e4t hervorgeht und zu ihr zur\u00fcckf\u00fchrt \u2014 selbst dann, wenn er sie uns in einer weitaus glaubw\u00fcrdigeren Form pr\u00e4sentiert als zuvor. <\/em><\/p>\n\n\n\n<p class=\"has-medium-font-size\"><em>Emilio Tarazona (Kuratierung und Texte<\/em>) Der K\u00fcnstler war zwischen 1982 und 1990 Mitglied der emblematischen Grupo Chaclacayo in Peru und ist seit 1995 k\u00fcnstlerischer Leiter der Grupo Nebelhorn mit Sitz in Nordrhein-Westfalen, Deutschland.<\/p>\n\n\n\n<p class=\"has-medium-font-size\"><br>Die Auswahl der Werke wurde vorgenommen von:<br>Ra\u00fal Avellaneda \/ Daniel Bernedo \/ Emilio Tarazona<\/p>\n\n\n\n<div style=\"height:10px\" aria-hidden=\"true\" class=\"wp-block-spacer\"><\/div>\n\n\n\n<figure class=\"wp-block-image size-full\"><img loading=\"lazy\" decoding=\"async\" width=\"480\" height=\"640\" src=\"https:\/\/raulavellaneda.de\/wp-content\/uploads\/web-001-3.jpg\" alt=\"\" class=\"wp-image-5422\" srcset=\"https:\/\/raulavellaneda.de\/wp-content\/uploads\/web-001-3.jpg 480w, https:\/\/raulavellaneda.de\/wp-content\/uploads\/web-001-3-225x300.jpg 225w\" sizes=\"auto, (max-width: 480px) 85vw, 480px\" \/><figcaption class=\"wp-element-caption\"><strong>\u201cCarita punteada\u201d, 1983<\/strong><br><em>Foto-Performance<\/em> auf den Friedhof Santa Eulalia, Chosica<br><em>Dirigiert und spielt: Ra\u00fal Avellaneda<\/em><br><em>Fotos: Sergio Zevallos<\/em><br><a href=\"https:\/\/raulavellaneda.de\/?page_id=1485\">https:\/\/raulavellaneda.de\/?page_id=1485<\/a><\/figcaption><\/figure>\n\n\n\n<div style=\"height:50px\" aria-hidden=\"true\" class=\"wp-block-spacer\"><\/div>\n\n\n<div class=\"wp-block-image\">\n<figure class=\"aligncenter size-full\"><img loading=\"lazy\" decoding=\"async\" width=\"840\" height=\"630\" src=\"https:\/\/raulavellaneda.de\/wp-content\/uploads\/web-005-4.jpg\" alt=\"\" class=\"wp-image-5424\" srcset=\"https:\/\/raulavellaneda.de\/wp-content\/uploads\/web-005-4.jpg 840w, https:\/\/raulavellaneda.de\/wp-content\/uploads\/web-005-4-300x225.jpg 300w, https:\/\/raulavellaneda.de\/wp-content\/uploads\/web-005-4-768x576.jpg 768w\" sizes=\"auto, (max-width: 709px) 85vw, (max-width: 909px) 67vw, (max-width: 1362px) 62vw, 840px\" \/><figcaption class=\"wp-element-caption\"><strong>\u201cLa gatita Carlota\u201d, 1983 \u2013 1984<\/strong><br><em>Foto-Performance<\/em><br><em>Spielt: Sergio Zevallos<\/em><br><em>Fotos: Ra\u00fal Avellaneda<\/em><br><a href=\"https:\/\/raulavellaneda.de\/?page_id=2537\">https:\/\/raulavellaneda.de\/?page_id=2537<\/a><br><br><strong>\u201cF\u00fcr ein kaum gestorbenes Kind\u201d, 1982 \u2013 1984.<\/strong><br><em>Pastel auf Papier, 34,5 x 24,5 cm<\/em><br><em>Auswahl von 12 Zeichnungen. Aus der Serie von \u00fcber 200 Arbeiten.<\/em><br><a href=\"https:\/\/raulavellaneda.de\/?page_id=119\">https:\/\/raulavellaneda.de\/?page_id=119<\/a><br><\/figcaption><\/figure>\n<\/div>\n\n\n<div style=\"height:50px\" aria-hidden=\"true\" class=\"wp-block-spacer\"><\/div>\n\n\n<div class=\"wp-block-image\">\n<figure class=\"aligncenter size-full\"><img loading=\"lazy\" decoding=\"async\" width=\"840\" height=\"630\" src=\"https:\/\/raulavellaneda.de\/wp-content\/uploads\/web-006-1.jpg\" alt=\"\" class=\"wp-image-5426\" srcset=\"https:\/\/raulavellaneda.de\/wp-content\/uploads\/web-006-1.jpg 840w, https:\/\/raulavellaneda.de\/wp-content\/uploads\/web-006-1-300x225.jpg 300w, https:\/\/raulavellaneda.de\/wp-content\/uploads\/web-006-1-768x576.jpg 768w\" sizes=\"auto, (max-width: 709px) 85vw, (max-width: 909px) 67vw, (max-width: 1362px) 62vw, 840px\" \/><figcaption class=\"wp-element-caption\"><strong>\u201cFenster der Seele\u201d, 1991<\/strong><br><em>(Auch bekannt als: \u201cVariationen \u00fcber Leonardos K\u00f6pfe\u201d)<\/em><br><em>Mischtechnik auf Papier, Kohle, Pastell, Graphit, 39.8 x 29.4 cm <\/em><br><a href=\"https:\/\/raulavellaneda.de\/?page_id=1664\">https:\/\/raulavellaneda.de\/?page_id=1664<\/a><br><em>&nbsp;<\/em><br><em>Auswahl von 8 Zeichnungen aus der Serie von \u00fcber 60 Arbeiten<\/em><\/figcaption><\/figure>\n<\/div>\n\n\n<div style=\"height:50px\" aria-hidden=\"true\" class=\"wp-block-spacer\"><\/div>\n\n\n<div class=\"wp-block-image\">\n<figure class=\"aligncenter size-full\"><img loading=\"lazy\" decoding=\"async\" width=\"840\" height=\"630\" src=\"https:\/\/raulavellaneda.de\/wp-content\/uploads\/web-004.jpg\" alt=\"\" class=\"wp-image-5427\" srcset=\"https:\/\/raulavellaneda.de\/wp-content\/uploads\/web-004.jpg 840w, https:\/\/raulavellaneda.de\/wp-content\/uploads\/web-004-300x225.jpg 300w, https:\/\/raulavellaneda.de\/wp-content\/uploads\/web-004-768x576.jpg 768w\" sizes=\"auto, (max-width: 709px) 85vw, (max-width: 909px) 67vw, (max-width: 1362px) 62vw, 840px\" \/><figcaption class=\"wp-element-caption\"><strong>Aus dem Projekt: \u201cPortrait eines Generals \u201d, 1987 \u2013 1992<\/strong><br>Diese <em>Arbeit besteht aus Fotos, Zeichnungen und Dokumentationen <\/em><br><em>Modell: Jos\u00e9 del Carmen Cabrejo Mej\u00eda, Oberkommandierenden der peruanischen Streitkr\u00e4fte, 1964<\/em><br><em>Fotos: Sergio Zevallos<\/em> und Ra\u00fal Avellaneda<br><a href=\"https:\/\/raulavellaneda.de\/?page_id=5056\">https:\/\/raulavellaneda.de\/?page_id=5056<\/a><br><em>&nbsp;<\/em><br>Auswahl von 8 Fotos <em>70 x 50 cm aus eine umfangreiche Foto-Serie<\/em><\/figcaption><\/figure>\n<\/div>\n\n\n<div style=\"height:50px\" aria-hidden=\"true\" class=\"wp-block-spacer\"><\/div>\n\n\n<div class=\"wp-block-image\">\n<figure class=\"aligncenter size-full\"><img loading=\"lazy\" decoding=\"async\" width=\"840\" height=\"630\" src=\"https:\/\/raulavellaneda.de\/wp-content\/uploads\/web-003-4.jpg\" alt=\"\" class=\"wp-image-5428\" srcset=\"https:\/\/raulavellaneda.de\/wp-content\/uploads\/web-003-4.jpg 840w, https:\/\/raulavellaneda.de\/wp-content\/uploads\/web-003-4-300x225.jpg 300w, https:\/\/raulavellaneda.de\/wp-content\/uploads\/web-003-4-768x576.jpg 768w\" sizes=\"auto, (max-width: 709px) 85vw, (max-width: 909px) 67vw, (max-width: 1362px) 62vw, 840px\" \/><figcaption class=\"wp-element-caption\"><strong>\u201c<em>Faschistische Blicke\u201c, Mischtechnik, 2025<\/em><\/strong><br><em>Zeichnung in Kohle, Pastellkreide, rote Tinktur, Verb\u00e4nde und Fotokopien auf Leinwand<\/em><br><em>177 x 70 cm<\/em><br><br><strong>Aus der Serie: \u201cZum Schweigen gebrachte Litaneien\u201d, 1983 \u2013 1986<\/strong><br><em><em>Assemblage<\/em>, 34.5 x 24.5 cm<\/em><br><a href=\"https:\/\/raulavellaneda.de\/?page_id=983\">https:\/\/raulavellaneda.de\/?page_id=983<\/a><br><br><strong>Aus der Serie: <\/strong><em>\u201eDie Unbefriedigten\u201c , Collagen mit Kohlestift und Pastellkreide auf Papier, unterschiedlichen Formate<\/em><br><em>Die Serie besteht aus 50 Arbeiten<\/em><br><a href=\"https:\/\/raulavellaneda.de\/?page_id=2191\">https:\/\/raulavellaneda.de\/?page_id=2191<\/a><\/figcaption><\/figure>\n<\/div>\n\n\n<div style=\"height:50px\" aria-hidden=\"true\" class=\"wp-block-spacer\"><\/div>\n\n\n<div class=\"wp-block-image\">\n<figure class=\"aligncenter size-large\"><img loading=\"lazy\" decoding=\"async\" width=\"412\" height=\"1024\" src=\"https:\/\/raulavellaneda.de\/wp-content\/uploads\/web-gross-Korrigiert-sehr-gut-1-1-412x1024.jpg\" alt=\"\" class=\"wp-image-5432\" srcset=\"https:\/\/raulavellaneda.de\/wp-content\/uploads\/web-gross-Korrigiert-sehr-gut-1-1-412x1024.jpg 412w, https:\/\/raulavellaneda.de\/wp-content\/uploads\/web-gross-Korrigiert-sehr-gut-1-1-121x300.jpg 121w, https:\/\/raulavellaneda.de\/wp-content\/uploads\/web-gross-Korrigiert-sehr-gut-1-1-768x1908.jpg 768w, https:\/\/raulavellaneda.de\/wp-content\/uploads\/web-gross-Korrigiert-sehr-gut-1-1-618x1536.jpg 618w, https:\/\/raulavellaneda.de\/wp-content\/uploads\/web-gross-Korrigiert-sehr-gut-1-1-824x2048.jpg 824w, https:\/\/raulavellaneda.de\/wp-content\/uploads\/web-gross-Korrigiert-sehr-gut-1-1.jpg 1000w\" sizes=\"auto, (max-width: 412px) 85vw, 412px\" \/><figcaption class=\"wp-element-caption\"><strong>\u201c<em>Faschistische Blicke\u201c, Mischtechnik, 2025<\/em><\/strong><br><em>Zeichnung in Kohle, Pastellkreide, rote Tinktur, Verb\u00e4nde und Fotokopien auf Leinwand<\/em><br><em>177 x 70 cm<\/em><br><\/figcaption><\/figure>\n<\/div>","protected":false},"excerpt":{"rendered":"<p>Kurze Anthologie des Werks von Ra\u00fal Avellaneda Das Werk von Ra\u00fal Avellaneda (Lima, 1960) ist in den letzten Jahrzehnten weitgehend au\u00dferhalb des Blickfelds der kritischen Kunstgeschichtsschreibung und -Erinnerung geblieben, obwohl er eine zentrale Figur mit einem entscheidenden Beitrag f\u00fcr die zeitgen\u00f6ssischen peruanischen und lateinamerikanischen Kunstszenen darstellt. Eine fr\u00fche Empfindlichkeit und Ablehnung gegen\u00fcber seinem unmittelbaren famili\u00e4ren &hellip; <a href=\"https:\/\/raulavellaneda.de\/?page_id=5417\" class=\"more-link\"><span class=\"screen-reader-text\">\u201e&#8222;Wir sind nur ein St\u00fcck Fleisch&#8220; Ausstellung in Bogot\u00e1 2025-2026\u201c<\/span> weiterlesen<\/a><\/p>\n","protected":false},"author":1,"featured_media":0,"parent":0,"menu_order":0,"comment_status":"closed","ping_status":"closed","template":"","meta":{"footnotes":""},"class_list":["post-5417","page","type-page","status-publish","hentry"],"_links":{"self":[{"href":"https:\/\/raulavellaneda.de\/index.php?rest_route=\/wp\/v2\/pages\/5417","targetHints":{"allow":["GET"]}}],"collection":[{"href":"https:\/\/raulavellaneda.de\/index.php?rest_route=\/wp\/v2\/pages"}],"about":[{"href":"https:\/\/raulavellaneda.de\/index.php?rest_route=\/wp\/v2\/types\/page"}],"author":[{"embeddable":true,"href":"https:\/\/raulavellaneda.de\/index.php?rest_route=\/wp\/v2\/users\/1"}],"replies":[{"embeddable":true,"href":"https:\/\/raulavellaneda.de\/index.php?rest_route=%2Fwp%2Fv2%2Fcomments&post=5417"}],"version-history":[{"count":24,"href":"https:\/\/raulavellaneda.de\/index.php?rest_route=\/wp\/v2\/pages\/5417\/revisions"}],"predecessor-version":[{"id":5459,"href":"https:\/\/raulavellaneda.de\/index.php?rest_route=\/wp\/v2\/pages\/5417\/revisions\/5459"}],"wp:attachment":[{"href":"https:\/\/raulavellaneda.de\/index.php?rest_route=%2Fwp%2Fv2%2Fmedia&parent=5417"}],"curies":[{"name":"wp","href":"https:\/\/api.w.org\/{rel}","templated":true}]}}