{"id":5216,"date":"2025-05-07T00:52:37","date_gmt":"2025-05-06T22:52:37","guid":{"rendered":"https:\/\/raulavellaneda.de\/?page_id=5216"},"modified":"2026-02-23T21:46:52","modified_gmt":"2026-02-23T20:46:52","slug":"ausstellungen","status":"publish","type":"page","link":"https:\/\/raulavellaneda.de\/?page_id=5216","title":{"rendered":"Ausstellungen"},"content":{"rendered":"\n<div style=\"height:100px\" aria-hidden=\"true\" class=\"wp-block-spacer\"><\/div>\n\n\n\n<p class=\"has-medium-font-size\"><strong><a href=\"https:\/\/raulavellaneda.de\/?page_id=5417\">Wir sind nur ein St\u00fcck Fleisch<\/a><\/strong><\/p>\n\n\n\n<h2 class=\"wp-block-heading\">Mein Leben 1960 -2024<\/h2>\n\n\n\n<div style=\"height:50px\" aria-hidden=\"true\" class=\"wp-block-spacer\"><\/div>\n\n\n<div class=\"wp-block-image\">\n<figure class=\"aligncenter size-large\"><img loading=\"lazy\" decoding=\"async\" width=\"819\" height=\"1024\" src=\"https:\/\/raulavellaneda.de\/wp-content\/uploads\/PHOTO-2024-08-12-17-27-48-1-819x1024.jpg\" alt=\"\" class=\"wp-image-5220\" srcset=\"https:\/\/raulavellaneda.de\/wp-content\/uploads\/PHOTO-2024-08-12-17-27-48-1-819x1024.jpg 819w, https:\/\/raulavellaneda.de\/wp-content\/uploads\/PHOTO-2024-08-12-17-27-48-1-240x300.jpg 240w, https:\/\/raulavellaneda.de\/wp-content\/uploads\/PHOTO-2024-08-12-17-27-48-1-768x960.jpg 768w, https:\/\/raulavellaneda.de\/wp-content\/uploads\/PHOTO-2024-08-12-17-27-48-1.jpg 1080w\" sizes=\"auto, (max-width: 819px) 85vw, 819px\" \/><\/figure>\n<\/div>\n\n\n<div style=\"height:20px\" aria-hidden=\"true\" class=\"wp-block-spacer\"><\/div>\n\n\n\n<h3 class=\"wp-block-heading\">Mein Leben 1960 \u2013 2024<\/h3>\n\n\n\n<p>Ra\u00fal Avellaneda lebte und arbeitete w\u00e4hrend einer von Gewalt und Terrorismus gezeichneten Periode zwischen 1980 und 1988 in Peru und wanderte 1989 aus seinem Land nach Deutschland aus, wo er als Mitglied der Grupo Chaclacayo das Projekt TODESBILDER Peru oder das Ende des europ\u00e4ischen Traums (1989-1990) in mehreren deutschen St\u00e4dten, im Kontext der deutschen Wiedervereinigung und dem Fall der Berliner Mauer, pr\u00e4sentierte.<\/p>\n\n\n\n<p>Seit 1995 arbeitet er als k\u00fcnstlerischer Leiter der Gruppe Nebelhorn in einem modelhaften Kunstprojekt von und f\u00fcr Menschen mit und ohne Behinderung.<\/p>\n\n\n\n<p>Die hier gezeigten Werke umfassen Zeichnung, Malerei, Fotografie, Collage, Montage, Ready Made, Videokunst und Rauminstallation. Der thematische Schwerpunkt ist der Machtmissbrauch, der sich in Themen wie Staat und Politik, Militarismus und Krieg, Kirche und Fanatismus, Kolonialisierung und soziale Missst\u00e4nde, Gewalt und Unterdr\u00fcckung, Armut und Kindheit, Familien- und Sozialgeschichte, Identit\u00e4t und Sexualit\u00e4t, Status und menschliche Erniedrigung, entfaltet.<\/p>\n\n\n\n<div style=\"height:100px\" aria-hidden=\"true\" class=\"wp-block-spacer\"><\/div>\n\n\n<div class=\"wp-block-image\">\n<figure class=\"aligncenter size-full\"><img loading=\"lazy\" decoding=\"async\" width=\"840\" height=\"559\" src=\"https:\/\/raulavellaneda.de\/wp-content\/uploads\/web-IMG_1536.jpg\" alt=\"\" class=\"wp-image-5224\" srcset=\"https:\/\/raulavellaneda.de\/wp-content\/uploads\/web-IMG_1536.jpg 840w, https:\/\/raulavellaneda.de\/wp-content\/uploads\/web-IMG_1536-300x200.jpg 300w, https:\/\/raulavellaneda.de\/wp-content\/uploads\/web-IMG_1536-768x511.jpg 768w\" sizes=\"auto, (max-width: 709px) 85vw, (max-width: 909px) 67vw, (max-width: 1362px) 62vw, 840px\" \/><\/figure>\n<\/div>\n\n\n<div style=\"height:50px\" aria-hidden=\"true\" class=\"wp-block-spacer\"><\/div>\n\n\n<div class=\"wp-block-image\">\n<figure class=\"aligncenter size-full\"><img loading=\"lazy\" decoding=\"async\" width=\"840\" height=\"559\" src=\"https:\/\/raulavellaneda.de\/wp-content\/uploads\/web-IMG_1628.jpg\" alt=\"\" class=\"wp-image-5225\" srcset=\"https:\/\/raulavellaneda.de\/wp-content\/uploads\/web-IMG_1628.jpg 840w, https:\/\/raulavellaneda.de\/wp-content\/uploads\/web-IMG_1628-300x200.jpg 300w, https:\/\/raulavellaneda.de\/wp-content\/uploads\/web-IMG_1628-768x511.jpg 768w\" sizes=\"auto, (max-width: 709px) 85vw, (max-width: 909px) 67vw, (max-width: 1362px) 62vw, 840px\" \/><\/figure>\n<\/div>\n\n\n<div style=\"height:50px\" aria-hidden=\"true\" class=\"wp-block-spacer\"><\/div>\n\n\n<div class=\"wp-block-image\">\n<figure class=\"aligncenter size-full\"><img loading=\"lazy\" decoding=\"async\" width=\"840\" height=\"559\" src=\"https:\/\/raulavellaneda.de\/wp-content\/uploads\/web-IMG_1503.jpg\" alt=\"\" class=\"wp-image-5226\" srcset=\"https:\/\/raulavellaneda.de\/wp-content\/uploads\/web-IMG_1503.jpg 840w, https:\/\/raulavellaneda.de\/wp-content\/uploads\/web-IMG_1503-300x200.jpg 300w, https:\/\/raulavellaneda.de\/wp-content\/uploads\/web-IMG_1503-768x511.jpg 768w\" sizes=\"auto, (max-width: 709px) 85vw, (max-width: 909px) 67vw, (max-width: 1362px) 62vw, 840px\" \/><\/figure>\n<\/div>\n\n\n<div style=\"height:50px\" aria-hidden=\"true\" class=\"wp-block-spacer\"><\/div>\n\n\n<div class=\"wp-block-image\">\n<figure class=\"aligncenter size-full\"><img loading=\"lazy\" decoding=\"async\" width=\"840\" height=\"559\" src=\"https:\/\/raulavellaneda.de\/wp-content\/uploads\/web-IMG_1526.jpg\" alt=\"\" class=\"wp-image-5227\" srcset=\"https:\/\/raulavellaneda.de\/wp-content\/uploads\/web-IMG_1526.jpg 840w, https:\/\/raulavellaneda.de\/wp-content\/uploads\/web-IMG_1526-300x200.jpg 300w, https:\/\/raulavellaneda.de\/wp-content\/uploads\/web-IMG_1526-768x511.jpg 768w\" sizes=\"auto, (max-width: 709px) 85vw, (max-width: 909px) 67vw, (max-width: 1362px) 62vw, 840px\" \/><\/figure>\n<\/div>\n\n\n<div style=\"height:50px\" aria-hidden=\"true\" class=\"wp-block-spacer\"><\/div>\n\n\n<div class=\"wp-block-image\">\n<figure class=\"aligncenter size-large\"><img loading=\"lazy\" decoding=\"async\" width=\"513\" height=\"1024\" src=\"http:\/\/raulavellaneda.de\/wp-content\/uploads\/NRZ-WAZ-26.09.2024-513x1024.jpg\" alt=\"\" class=\"wp-image-5148\" srcset=\"https:\/\/raulavellaneda.de\/wp-content\/uploads\/NRZ-WAZ-26.09.2024-513x1024.jpg 513w, https:\/\/raulavellaneda.de\/wp-content\/uploads\/NRZ-WAZ-26.09.2024-150x300.jpg 150w, https:\/\/raulavellaneda.de\/wp-content\/uploads\/NRZ-WAZ-26.09.2024-768x1533.jpg 768w, https:\/\/raulavellaneda.de\/wp-content\/uploads\/NRZ-WAZ-26.09.2024-769x1536.jpg 769w, https:\/\/raulavellaneda.de\/wp-content\/uploads\/NRZ-WAZ-26.09.2024-1026x2048.jpg 1026w, https:\/\/raulavellaneda.de\/wp-content\/uploads\/NRZ-WAZ-26.09.2024-1200x2396.jpg 1200w, https:\/\/raulavellaneda.de\/wp-content\/uploads\/NRZ-WAZ-26.09.2024-scaled.jpg 1282w\" sizes=\"auto, (max-width: 513px) 85vw, 513px\" \/><figcaption class=\"wp-element-caption\">NRZ \/ WAZ, 26,September 2024<\/figcaption><\/figure>\n<\/div>\n\n\n<div style=\"height:100px\" aria-hidden=\"true\" class=\"wp-block-spacer\"><\/div>\n\n\n\n<h2 class=\"wp-block-heading\">F\u00fcr eine demokratische EU<\/h2>\n\n\n\n<div style=\"height:50px\" aria-hidden=\"true\" class=\"wp-block-spacer\"><\/div>\n\n\n<div class=\"wp-block-image\">\n<figure class=\"aligncenter size-full\"><img loading=\"lazy\" decoding=\"async\" width=\"480\" height=\"598\" src=\"http:\/\/raulavellaneda.de\/wp-content\/uploads\/web-IMG_0897.jpg\" alt=\"\" class=\"wp-image-4787\" srcset=\"https:\/\/raulavellaneda.de\/wp-content\/uploads\/web-IMG_0897.jpg 480w, https:\/\/raulavellaneda.de\/wp-content\/uploads\/web-IMG_0897-241x300.jpg 241w\" sizes=\"auto, (max-width: 480px) 85vw, 480px\" \/><figcaption class=\"wp-element-caption\">Ra\u00fal Avellaneda \/ &#8222;F\u00fcr eine demokratische EU&#8220;, alter Rahmen, Fotokopien, Smartphone, Kaffeebohnen, S\u00fc\u00dfigkeiten, peruanische Watte, afrikanischer Kakaoblock und Wachs, Assemblage, 77 x 97 x 17cm, 2024<\/figcaption><\/figure>\n<\/div>\n\n\n<h3 class=\"wp-block-heading\">&#8222;\u03b4 delta Europa. F\u00fcr eine demokratische EU&#8220;<\/h3>\n\n\n\n<p class=\"has-medium-font-size\"><br><br>Im Vorfeld der diesj\u00e4hrigen Europawahl zeigt die cubus kunsthalle, duisburg kurzfristig erneut eine Ausstellung, in der Besucher Einblicke erhalten, die den Blick auf unser Europa sch\u00e4rfen. Die cubus kunsthalle bietet damit einen Ort der Begegnung, der informativen Auseinandersetzung und des Dialogs an. Diesmal im cafe museum.<br>K\u00fcnstler wurden aufgefordert, ihre k\u00fcnstlerischen Statements zu einer demokratischen EU abzugeben, die Diskussionen anregen und den Besuch der Ausstellung zu einem lebendigen interaktiven Erlebnis machen. Die Ausstellung greift dar\u00fcber hinaus auch unsere Fragen, Fragen der Europab\u00fcrger, auf: Was gilt es zu verbessern? Gibt es Wege aus der Krise? Was ist los mit der Wiege der Demokratie: Europa? Wer ist noch Demokrat bei uns und in unseren Nachbarl\u00e4ndern? Wie sind rechtsextreme Str\u00f6mungen zu stoppen?<br>Bei allen Unzul\u00e4nglichkeiten w\u00e4re es aber fatal, jetzt, am 09. Juni 2024, Europa durch unser Nichtw\u00e4hlen zu strafen. Dies w\u00fcrde den rechtextremen Str\u00f6mungen nur weiter den Weg bereiten. Wir m\u00fcssen durch unser Votum dagegenhalten. Jetzt zeigt sich, wie stark unsere Demokratie ist. Europa steht am Scheideweg und jede Stimme z\u00e4hlt!<br>Somit wird diese anstehende Wahl zu einer Schicksalswahl.<br><br>Wir danken der Kooperation mit Annegret Keller-Steegmann und Art at work und dem DemokratieKreis Duisburg f\u00fcr das umfangreiche Begleitprogramm.<br><br>Die Ausstellung im cafe museum ist zu den \u00d6ffnungszeiten des cafes ge\u00f6ffnet, Infos gibt es in der cubus kunsthalle mi-so, 14-18h.<\/p>\n\n\n\n<p class=\"has-medium-font-size\">Ra\u00fal Avellaneda I Thomas Baumg\u00e4rtel I Klaus Dieter Brueggenwerth I Petra Ellert I Paula Ellert I Mauga Houba-Hausherr I Petra Klein I Peter Kohl I Reiner Langer I Katharina Middendorf I Petra M\u00fcller I Marco Morosin I Ralf Rassloff I Michael Sander I Angela Schmitz I Angelika Stienecke I G\u00fcnter Thorn I Clemens Wei\u00df I Heike Wirtz I<\/p>\n\n\n\n<div style=\"height:48px\" aria-hidden=\"true\" class=\"wp-block-spacer\"><\/div>\n\n\n","protected":false},"excerpt":{"rendered":"<p>Wir sind nur ein St\u00fcck Fleisch Mein Leben 1960 -2024 Mein Leben 1960 \u2013 2024 Ra\u00fal Avellaneda lebte und arbeitete w\u00e4hrend einer von Gewalt und Terrorismus gezeichneten Periode zwischen 1980 und 1988 in Peru und wanderte 1989 aus seinem Land nach Deutschland aus, wo er als Mitglied der Grupo Chaclacayo das Projekt TODESBILDER Peru oder &hellip; <a href=\"https:\/\/raulavellaneda.de\/?page_id=5216\" class=\"more-link\"><span class=\"screen-reader-text\">\u201eAusstellungen\u201c<\/span> weiterlesen<\/a><\/p>\n","protected":false},"author":1,"featured_media":0,"parent":0,"menu_order":0,"comment_status":"closed","ping_status":"closed","template":"","meta":{"footnotes":""},"class_list":["post-5216","page","type-page","status-publish","hentry"],"_links":{"self":[{"href":"https:\/\/raulavellaneda.de\/index.php?rest_route=\/wp\/v2\/pages\/5216","targetHints":{"allow":["GET"]}}],"collection":[{"href":"https:\/\/raulavellaneda.de\/index.php?rest_route=\/wp\/v2\/pages"}],"about":[{"href":"https:\/\/raulavellaneda.de\/index.php?rest_route=\/wp\/v2\/types\/page"}],"author":[{"embeddable":true,"href":"https:\/\/raulavellaneda.de\/index.php?rest_route=\/wp\/v2\/users\/1"}],"replies":[{"embeddable":true,"href":"https:\/\/raulavellaneda.de\/index.php?rest_route=%2Fwp%2Fv2%2Fcomments&post=5216"}],"version-history":[{"count":11,"href":"https:\/\/raulavellaneda.de\/index.php?rest_route=\/wp\/v2\/pages\/5216\/revisions"}],"predecessor-version":[{"id":5461,"href":"https:\/\/raulavellaneda.de\/index.php?rest_route=\/wp\/v2\/pages\/5216\/revisions\/5461"}],"wp:attachment":[{"href":"https:\/\/raulavellaneda.de\/index.php?rest_route=%2Fwp%2Fv2%2Fmedia&parent=5216"}],"curies":[{"name":"wp","href":"https:\/\/api.w.org\/{rel}","templated":true}]}}