{"id":4783,"date":"2024-03-01T11:14:26","date_gmt":"2024-03-01T10:14:26","guid":{"rendered":"https:\/\/raulavellaneda.de\/?page_id=4783"},"modified":"2024-03-01T11:38:29","modified_gmt":"2024-03-01T10:38:29","slug":"fuer-eine-demokratische-eu","status":"publish","type":"page","link":"https:\/\/raulavellaneda.de\/?page_id=4783","title":{"rendered":"F\u00fcr eine demokratische EU"},"content":{"rendered":"\n<div style=\"height:10px\" aria-hidden=\"true\" class=\"wp-block-spacer\"><\/div>\n\n\n<div class=\"wp-block-image\">\n<figure class=\"aligncenter size-full\"><img loading=\"lazy\" decoding=\"async\" width=\"480\" height=\"598\" src=\"https:\/\/raulavellaneda.de\/wp-content\/uploads\/web-IMG_0897.jpg\" alt=\"\" class=\"wp-image-4787\" srcset=\"https:\/\/raulavellaneda.de\/wp-content\/uploads\/web-IMG_0897.jpg 480w, https:\/\/raulavellaneda.de\/wp-content\/uploads\/web-IMG_0897-241x300.jpg 241w\" sizes=\"auto, (max-width: 480px) 85vw, 480px\" \/><figcaption class=\"wp-element-caption\">Ra\u00fal Avellaneda \/  &#8222;F\u00fcr eine demokratische EU&#8220;, alter Rahmen, Fotokopien, Smartphone, Kaffeebohnen, S\u00fc\u00dfigkeiten, peruanische Watte, afrikanischer Kakaoblock und Wachs, Assemblage, 77 x 97 x 17cm, 2024<br><\/figcaption><\/figure>\n<\/div>\n\n\n<h3 class=\"wp-block-heading\">&#8222;\u03b4 delta Europa. F\u00fcr eine demokratische EU&#8220;<\/h3>\n\n\n\n<p class=\"has-medium-font-size\"><br><br>Im Vorfeld der diesj\u00e4hrigen Europawahl zeigt die cubus kunsthalle, duisburg kurzfristig erneut eine Ausstellung, in der Besucher Einblicke erhalten, die den Blick auf unser Europa sch\u00e4rfen. Die cubus kunsthalle bietet damit einen Ort der Begegnung, der informativen Auseinandersetzung und des Dialogs an. Diesmal im cafe museum.<br>K\u00fcnstler wurden aufgefordert, ihre k\u00fcnstlerischen Statements zu einer demokratischen EU abzugeben, die Diskussionen anregen und den Besuch der Ausstellung zu einem lebendigen interaktiven Erlebnis machen. Die Ausstellung greift dar\u00fcber hinaus auch unsere Fragen, Fragen der Europab\u00fcrger, auf: Was gilt es zu verbessern? Gibt es Wege aus der Krise? Was ist los mit der Wiege der Demokratie: Europa? Wer ist noch Demokrat bei uns und in unseren Nachbarl\u00e4ndern? Wie sind rechtsextreme Str\u00f6mungen zu stoppen?<br>Bei allen Unzul\u00e4nglichkeiten w\u00e4re es aber fatal, jetzt, am 09. Juni 2024, Europa durch unser Nichtw\u00e4hlen zu strafen. Dies w\u00fcrde den rechtextremen Str\u00f6mungen nur weiter den Weg bereiten. Wir m\u00fcssen durch unser Votum dagegenhalten. Jetzt zeigt sich, wie stark unsere Demokratie ist. Europa steht am Scheideweg und jede Stimme z\u00e4hlt!<br>Somit wird diese anstehende Wahl zu einer Schicksalswahl.<br><br>Wir danken der Kooperation mit Annegret Keller-Steegmann und Art at work und dem DemokratieKreis Duisburg f\u00fcr das umfangreiche Begleitprogramm.<br><br>Die Ausstellung im cafe museum ist zu den \u00d6ffnungszeiten des cafes ge\u00f6ffnet, Infos gibt es in der cubus kunsthalle mi-so, 14-18h.<\/p>\n\n\n\n<p class=\"has-medium-font-size\">Ra\u00fal Avellaneda I Thomas Baumg\u00e4rtel I Klaus Dieter Brueggenwerth I Petra Ellert I Paula Ellert I Mauga Houba-Hausherr I Petra Klein I Peter Kohl I Reiner Langer I Katharina Middendorf I Petra M\u00fcller I Marco Morosin I Ralf Rassloff I Michael Sander I Angela Schmitz I Angelika Stienecke I G\u00fcnter Thorn I Clemens Wei\u00df I Heike Wirtz I<\/p>\n","protected":false},"excerpt":{"rendered":"<p>&#8222;\u03b4 delta Europa. F\u00fcr eine demokratische EU&#8220; Im Vorfeld der diesj\u00e4hrigen Europawahl zeigt die cubus kunsthalle, duisburg kurzfristig erneut eine Ausstellung, in der Besucher Einblicke erhalten, die den Blick auf unser Europa sch\u00e4rfen. Die cubus kunsthalle bietet damit einen Ort der Begegnung, der informativen Auseinandersetzung und des Dialogs an. Diesmal im cafe museum.K\u00fcnstler wurden aufgefordert, &hellip; <a href=\"https:\/\/raulavellaneda.de\/?page_id=4783\" class=\"more-link\"><span class=\"screen-reader-text\">\u201eF\u00fcr eine demokratische EU\u201c<\/span> weiterlesen<\/a><\/p>\n","protected":false},"author":1,"featured_media":0,"parent":0,"menu_order":0,"comment_status":"closed","ping_status":"closed","template":"","meta":{"footnotes":""},"class_list":["post-4783","page","type-page","status-publish","hentry"],"_links":{"self":[{"href":"https:\/\/raulavellaneda.de\/index.php?rest_route=\/wp\/v2\/pages\/4783","targetHints":{"allow":["GET"]}}],"collection":[{"href":"https:\/\/raulavellaneda.de\/index.php?rest_route=\/wp\/v2\/pages"}],"about":[{"href":"https:\/\/raulavellaneda.de\/index.php?rest_route=\/wp\/v2\/types\/page"}],"author":[{"embeddable":true,"href":"https:\/\/raulavellaneda.de\/index.php?rest_route=\/wp\/v2\/users\/1"}],"replies":[{"embeddable":true,"href":"https:\/\/raulavellaneda.de\/index.php?rest_route=%2Fwp%2Fv2%2Fcomments&post=4783"}],"version-history":[{"count":7,"href":"https:\/\/raulavellaneda.de\/index.php?rest_route=\/wp\/v2\/pages\/4783\/revisions"}],"predecessor-version":[{"id":4795,"href":"https:\/\/raulavellaneda.de\/index.php?rest_route=\/wp\/v2\/pages\/4783\/revisions\/4795"}],"wp:attachment":[{"href":"https:\/\/raulavellaneda.de\/index.php?rest_route=%2Fwp%2Fv2%2Fmedia&parent=4783"}],"curies":[{"name":"wp","href":"https:\/\/api.w.org\/{rel}","templated":true}]}}