{"id":2537,"date":"2023-12-16T19:52:02","date_gmt":"2023-12-16T18:52:02","guid":{"rendered":"https:\/\/raulavellaneda.de\/?page_id=2537"},"modified":"2024-03-01T16:40:39","modified_gmt":"2024-03-01T15:40:39","slug":"la-gatita-carlota","status":"publish","type":"page","link":"https:\/\/raulavellaneda.de\/?page_id=2537","title":{"rendered":"&#8222;La Gatita Carlota&#8220;"},"content":{"rendered":"\n<div style=\"height:20px\" aria-hidden=\"true\" class=\"wp-block-spacer\"><\/div>\n\n\n\n<p class=\"has-medium-font-size\">In einer verlassenen G\u00e4stewohnung, auf dem Anwesen &#8222;Villa Luz del Carmen&#8220;, in der Helmut J. Psotta, Ra\u00fal Avellaneda und Sergio Zevallos (Grupo Chaclacayo) das Projekt &#8222;Per\u00fa&#8230;ein Traum&#8220; verwirklichten, realisierte Avellaneda Fotorituale \u00fcber Keuscheid, Martyrium und Tod. Die daf\u00fcr gebrauchten Kleider und Gegenst\u00e4nde kamen aus dem Hause Avellaneda &#8211; Indacochea und aus den Friedh\u00f6fen der Region.<\/p>\n\n\n\n<div style=\"height:20px\" aria-hidden=\"true\" class=\"wp-block-spacer\"><\/div>\n\n\n\n<div class=\"wp-block-columns is-layout-flex wp-container-core-columns-is-layout-9d6595d7 wp-block-columns-is-layout-flex\">\n<div class=\"wp-block-column is-layout-flow wp-block-column-is-layout-flow\">\n<figure class=\"wp-block-image size-full\"><img loading=\"lazy\" decoding=\"async\" width=\"479\" height=\"738\" src=\"https:\/\/raulavellaneda.de\/wp-content\/uploads\/0-4.jpg\" alt=\"\" class=\"wp-image-2538\" srcset=\"https:\/\/raulavellaneda.de\/wp-content\/uploads\/0-4.jpg 479w, https:\/\/raulavellaneda.de\/wp-content\/uploads\/0-4-195x300.jpg 195w\" sizes=\"auto, (max-width: 479px) 85vw, 479px\" \/><\/figure>\n<\/div>\n\n\n\n<div class=\"wp-block-column is-layout-flow wp-block-column-is-layout-flow\">\n<figure class=\"wp-block-image size-full\"><img loading=\"lazy\" decoding=\"async\" width=\"479\" height=\"732\" src=\"https:\/\/raulavellaneda.de\/wp-content\/uploads\/3-6.jpg\" alt=\"\" class=\"wp-image-2539\" srcset=\"https:\/\/raulavellaneda.de\/wp-content\/uploads\/3-6.jpg 479w, https:\/\/raulavellaneda.de\/wp-content\/uploads\/3-6-196x300.jpg 196w\" sizes=\"auto, (max-width: 479px) 85vw, 479px\" \/><\/figure>\n<\/div>\n\n\n\n<div class=\"wp-block-column is-layout-flow wp-block-column-is-layout-flow\">\n<figure class=\"wp-block-image size-full\"><img loading=\"lazy\" decoding=\"async\" width=\"479\" height=\"732\" src=\"https:\/\/raulavellaneda.de\/wp-content\/uploads\/5-4.jpg\" alt=\"\" class=\"wp-image-2540\" srcset=\"https:\/\/raulavellaneda.de\/wp-content\/uploads\/5-4.jpg 479w, https:\/\/raulavellaneda.de\/wp-content\/uploads\/5-4-196x300.jpg 196w\" sizes=\"auto, (max-width: 479px) 85vw, 479px\" \/><\/figure>\n<\/div>\n<\/div>\n\n\n\n<div class=\"wp-block-columns is-layout-flex wp-container-core-columns-is-layout-9d6595d7 wp-block-columns-is-layout-flex\">\n<div class=\"wp-block-column is-layout-flow wp-block-column-is-layout-flow\">\n<figure class=\"wp-block-image size-full is-resized\"><img loading=\"lazy\" decoding=\"async\" width=\"670\" height=\"980\" src=\"https:\/\/raulavellaneda.de\/wp-content\/uploads\/7-7.jpg\" alt=\"\" class=\"wp-image-2541\" style=\"width:399px;height:auto\" srcset=\"https:\/\/raulavellaneda.de\/wp-content\/uploads\/7-7.jpg 670w, https:\/\/raulavellaneda.de\/wp-content\/uploads\/7-7-205x300.jpg 205w\" sizes=\"auto, (max-width: 670px) 85vw, 670px\" \/><\/figure>\n<\/div>\n\n\n\n<div class=\"wp-block-column is-layout-flow wp-block-column-is-layout-flow\">\n<figure class=\"wp-block-image size-full\"><img loading=\"lazy\" decoding=\"async\" width=\"480\" height=\"741\" src=\"https:\/\/raulavellaneda.de\/wp-content\/uploads\/4-7.jpg\" alt=\"\" class=\"wp-image-2542\" srcset=\"https:\/\/raulavellaneda.de\/wp-content\/uploads\/4-7.jpg 480w, https:\/\/raulavellaneda.de\/wp-content\/uploads\/4-7-194x300.jpg 194w\" sizes=\"auto, (max-width: 480px) 85vw, 480px\" \/><\/figure>\n<\/div>\n\n\n\n<div class=\"wp-block-column is-layout-flow wp-block-column-is-layout-flow\">\n<figure class=\"wp-block-image size-full\"><img loading=\"lazy\" decoding=\"async\" width=\"480\" height=\"741\" src=\"https:\/\/raulavellaneda.de\/wp-content\/uploads\/6-5.jpg\" alt=\"\" class=\"wp-image-2543\" srcset=\"https:\/\/raulavellaneda.de\/wp-content\/uploads\/6-5.jpg 480w, https:\/\/raulavellaneda.de\/wp-content\/uploads\/6-5-194x300.jpg 194w\" sizes=\"auto, (max-width: 480px) 85vw, 480px\" \/><\/figure>\n<\/div>\n<\/div>\n\n\n\n<div style=\"height:120px\" aria-hidden=\"true\" class=\"wp-block-spacer\"><\/div>\n\n\n<div class=\"wp-block-image\">\n<figure class=\"aligncenter size-full\"><img loading=\"lazy\" decoding=\"async\" width=\"480\" height=\"741\" src=\"https:\/\/raulavellaneda.de\/wp-content\/uploads\/6-6.jpg\" alt=\"\" class=\"wp-image-2547\" srcset=\"https:\/\/raulavellaneda.de\/wp-content\/uploads\/6-6.jpg 480w, https:\/\/raulavellaneda.de\/wp-content\/uploads\/6-6-194x300.jpg 194w\" sizes=\"auto, (max-width: 480px) 85vw, 480px\" \/><\/figure>\n<\/div>\n\n\n<div style=\"height:120px\" aria-hidden=\"true\" class=\"wp-block-spacer\"><\/div>\n\n\n\n<div class=\"wp-block-columns is-layout-flex wp-container-core-columns-is-layout-9d6595d7 wp-block-columns-is-layout-flex\">\n<div class=\"wp-block-column is-layout-flow wp-block-column-is-layout-flow\">\n<figure class=\"wp-block-image size-full\"><img loading=\"lazy\" decoding=\"async\" width=\"480\" height=\"741\" src=\"https:\/\/raulavellaneda.de\/wp-content\/uploads\/12-8-2.jpg\" alt=\"\" class=\"wp-image-2552\" srcset=\"https:\/\/raulavellaneda.de\/wp-content\/uploads\/12-8-2.jpg 480w, https:\/\/raulavellaneda.de\/wp-content\/uploads\/12-8-2-194x300.jpg 194w\" sizes=\"auto, (max-width: 480px) 85vw, 480px\" \/><\/figure>\n<\/div>\n\n\n\n<div class=\"wp-block-column is-layout-flow wp-block-column-is-layout-flow\">\n<figure class=\"wp-block-image size-full\"><img loading=\"lazy\" decoding=\"async\" width=\"480\" height=\"741\" src=\"https:\/\/raulavellaneda.de\/wp-content\/uploads\/12-10-2.jpg\" alt=\"\" class=\"wp-image-2553\" srcset=\"https:\/\/raulavellaneda.de\/wp-content\/uploads\/12-10-2.jpg 480w, https:\/\/raulavellaneda.de\/wp-content\/uploads\/12-10-2-194x300.jpg 194w\" sizes=\"auto, (max-width: 480px) 85vw, 480px\" \/><\/figure>\n<\/div>\n\n\n\n<div class=\"wp-block-column is-layout-flow wp-block-column-is-layout-flow\">\n<figure class=\"wp-block-image size-full\"><img loading=\"lazy\" decoding=\"async\" width=\"480\" height=\"741\" src=\"https:\/\/raulavellaneda.de\/wp-content\/uploads\/12-11-1.jpg\" alt=\"\" class=\"wp-image-2554\" srcset=\"https:\/\/raulavellaneda.de\/wp-content\/uploads\/12-11-1.jpg 480w, https:\/\/raulavellaneda.de\/wp-content\/uploads\/12-11-1-194x300.jpg 194w\" sizes=\"auto, (max-width: 480px) 85vw, 480px\" \/><\/figure>\n<\/div>\n<\/div>\n\n\n\n<div style=\"height:120px\" aria-hidden=\"true\" class=\"wp-block-spacer\"><\/div>\n\n\n<div class=\"wp-block-image\">\n<figure class=\"aligncenter size-full\"><img loading=\"lazy\" decoding=\"async\" width=\"480\" height=\"741\" src=\"https:\/\/raulavellaneda.de\/wp-content\/uploads\/12-9-1.jpg\" alt=\"\" class=\"wp-image-2556\" srcset=\"https:\/\/raulavellaneda.de\/wp-content\/uploads\/12-9-1.jpg 480w, https:\/\/raulavellaneda.de\/wp-content\/uploads\/12-9-1-194x300.jpg 194w\" sizes=\"auto, (max-width: 480px) 85vw, 480px\" \/><\/figure>\n<\/div>\n\n\n<div style=\"height:119px\" aria-hidden=\"true\" class=\"wp-block-spacer\"><\/div>\n\n\n\n<div class=\"wp-block-columns is-layout-flex wp-container-core-columns-is-layout-9d6595d7 wp-block-columns-is-layout-flex\">\n<div class=\"wp-block-column is-layout-flow wp-block-column-is-layout-flow\">\n<figure class=\"wp-block-image size-full\"><img loading=\"lazy\" decoding=\"async\" width=\"479\" height=\"735\" src=\"https:\/\/raulavellaneda.de\/wp-content\/uploads\/9-1.jpg\" alt=\"\" class=\"wp-image-2548\" srcset=\"https:\/\/raulavellaneda.de\/wp-content\/uploads\/9-1.jpg 479w, https:\/\/raulavellaneda.de\/wp-content\/uploads\/9-1-196x300.jpg 196w\" sizes=\"auto, (max-width: 479px) 85vw, 479px\" \/><\/figure>\n<\/div>\n\n\n\n<div class=\"wp-block-column is-layout-flow wp-block-column-is-layout-flow\">\n<figure class=\"wp-block-image size-full\"><img loading=\"lazy\" decoding=\"async\" width=\"480\" height=\"741\" src=\"https:\/\/raulavellaneda.de\/wp-content\/uploads\/10-1.jpg\" alt=\"\" class=\"wp-image-2549\" srcset=\"https:\/\/raulavellaneda.de\/wp-content\/uploads\/10-1.jpg 480w, https:\/\/raulavellaneda.de\/wp-content\/uploads\/10-1-194x300.jpg 194w\" sizes=\"auto, (max-width: 480px) 85vw, 480px\" \/><\/figure>\n<\/div>\n\n\n\n<div class=\"wp-block-column is-layout-flow wp-block-column-is-layout-flow\">\n<figure class=\"wp-block-image size-full\"><img loading=\"lazy\" decoding=\"async\" width=\"480\" height=\"741\" src=\"https:\/\/raulavellaneda.de\/wp-content\/uploads\/12-11.jpg\" alt=\"\" class=\"wp-image-2550\" srcset=\"https:\/\/raulavellaneda.de\/wp-content\/uploads\/12-11.jpg 480w, https:\/\/raulavellaneda.de\/wp-content\/uploads\/12-11-194x300.jpg 194w\" sizes=\"auto, (max-width: 480px) 85vw, 480px\" \/><\/figure>\n<\/div>\n<\/div>\n\n\n\n<div style=\"height:120px\" aria-hidden=\"true\" class=\"wp-block-spacer\"><\/div>\n\n\n<div class=\"wp-block-image\">\n<figure class=\"aligncenter size-full\"><img loading=\"lazy\" decoding=\"async\" width=\"480\" height=\"741\" src=\"https:\/\/raulavellaneda.de\/wp-content\/uploads\/12-1-4.jpg\" alt=\"\" class=\"wp-image-2551\" srcset=\"https:\/\/raulavellaneda.de\/wp-content\/uploads\/12-1-4.jpg 480w, https:\/\/raulavellaneda.de\/wp-content\/uploads\/12-1-4-194x300.jpg 194w\" sizes=\"auto, (max-width: 480px) 85vw, 480px\" \/><\/figure>\n<\/div>\n\n\n<div style=\"height:120px\" aria-hidden=\"true\" class=\"wp-block-spacer\"><\/div>\n\n\n\n<div class=\"wp-block-columns is-layout-flex wp-container-core-columns-is-layout-9d6595d7 wp-block-columns-is-layout-flex\">\n<div class=\"wp-block-column is-layout-flow wp-block-column-is-layout-flow\">\n<figure class=\"wp-block-image size-full\"><img loading=\"lazy\" decoding=\"async\" width=\"480\" height=\"740\" src=\"https:\/\/raulavellaneda.de\/wp-content\/uploads\/12-2-2.jpg\" alt=\"\" class=\"wp-image-2557\" srcset=\"https:\/\/raulavellaneda.de\/wp-content\/uploads\/12-2-2.jpg 480w, https:\/\/raulavellaneda.de\/wp-content\/uploads\/12-2-2-195x300.jpg 195w\" sizes=\"auto, (max-width: 480px) 85vw, 480px\" \/><\/figure>\n<\/div>\n\n\n\n<div class=\"wp-block-column is-layout-flow wp-block-column-is-layout-flow\">\n<figure class=\"wp-block-image size-full\"><img loading=\"lazy\" decoding=\"async\" width=\"480\" height=\"741\" src=\"https:\/\/raulavellaneda.de\/wp-content\/uploads\/12-3-2.jpg\" alt=\"\" class=\"wp-image-2558\" srcset=\"https:\/\/raulavellaneda.de\/wp-content\/uploads\/12-3-2.jpg 480w, https:\/\/raulavellaneda.de\/wp-content\/uploads\/12-3-2-194x300.jpg 194w\" sizes=\"auto, (max-width: 480px) 85vw, 480px\" \/><\/figure>\n<\/div>\n\n\n\n<div class=\"wp-block-column is-layout-flow wp-block-column-is-layout-flow\">\n<figure class=\"wp-block-image size-full\"><img loading=\"lazy\" decoding=\"async\" width=\"480\" height=\"741\" src=\"https:\/\/raulavellaneda.de\/wp-content\/uploads\/12-6-2.jpg\" alt=\"\" class=\"wp-image-2559\" srcset=\"https:\/\/raulavellaneda.de\/wp-content\/uploads\/12-6-2.jpg 480w, https:\/\/raulavellaneda.de\/wp-content\/uploads\/12-6-2-194x300.jpg 194w\" sizes=\"auto, (max-width: 480px) 85vw, 480px\" \/><\/figure>\n<\/div>\n<\/div>\n\n\n\n<div style=\"height:120px\" aria-hidden=\"true\" class=\"wp-block-spacer\"><\/div>\n\n\n<div class=\"wp-block-image\">\n<figure class=\"aligncenter size-full\"><img loading=\"lazy\" decoding=\"async\" width=\"479\" height=\"733\" src=\"https:\/\/raulavellaneda.de\/wp-content\/uploads\/12-7-1.jpg\" alt=\"\" class=\"wp-image-2560\" srcset=\"https:\/\/raulavellaneda.de\/wp-content\/uploads\/12-7-1.jpg 479w, https:\/\/raulavellaneda.de\/wp-content\/uploads\/12-7-1-196x300.jpg 196w\" sizes=\"auto, (max-width: 479px) 85vw, 479px\" \/><\/figure>\n<\/div>\n\n\n<p><\/p>\n\n\n\n<p>Fotos: Ra\u00fal Avellaneda<\/p>\n\n\n\n<p>Mitwirkender: Sergio Zevallos<\/p>\n\n\n\n<div style=\"height:10px\" aria-hidden=\"true\" class=\"wp-block-spacer\"><\/div>\n\n\n\n<p class=\"has-text-align-center has-medium-font-size\"><a href=\"https:\/\/raulavellaneda.de\/?page_id=1337\">Werke<\/a><\/p>\n","protected":false},"excerpt":{"rendered":"<p>In einer verlassenen G\u00e4stewohnung, auf dem Anwesen &#8222;Villa Luz del Carmen&#8220;, in der Helmut J. Psotta, Ra\u00fal Avellaneda und Sergio Zevallos (Grupo Chaclacayo) das Projekt &#8222;Per\u00fa&#8230;ein Traum&#8220; verwirklichten, realisierte Avellaneda Fotorituale \u00fcber Keuscheid, Martyrium und Tod. Die daf\u00fcr gebrauchten Kleider und Gegenst\u00e4nde kamen aus dem Hause Avellaneda &#8211; Indacochea und aus den Friedh\u00f6fen der Region. &hellip; <a href=\"https:\/\/raulavellaneda.de\/?page_id=2537\" class=\"more-link\"><span class=\"screen-reader-text\">\u201e&#8222;La Gatita Carlota&#8220;\u201c<\/span> weiterlesen<\/a><\/p>\n","protected":false},"author":1,"featured_media":0,"parent":0,"menu_order":0,"comment_status":"closed","ping_status":"closed","template":"","meta":{"footnotes":""},"class_list":["post-2537","page","type-page","status-publish","hentry"],"_links":{"self":[{"href":"https:\/\/raulavellaneda.de\/index.php?rest_route=\/wp\/v2\/pages\/2537","targetHints":{"allow":["GET"]}}],"collection":[{"href":"https:\/\/raulavellaneda.de\/index.php?rest_route=\/wp\/v2\/pages"}],"about":[{"href":"https:\/\/raulavellaneda.de\/index.php?rest_route=\/wp\/v2\/types\/page"}],"author":[{"embeddable":true,"href":"https:\/\/raulavellaneda.de\/index.php?rest_route=\/wp\/v2\/users\/1"}],"replies":[{"embeddable":true,"href":"https:\/\/raulavellaneda.de\/index.php?rest_route=%2Fwp%2Fv2%2Fcomments&post=2537"}],"version-history":[{"count":11,"href":"https:\/\/raulavellaneda.de\/index.php?rest_route=\/wp\/v2\/pages\/2537\/revisions"}],"predecessor-version":[{"id":4859,"href":"https:\/\/raulavellaneda.de\/index.php?rest_route=\/wp\/v2\/pages\/2537\/revisions\/4859"}],"wp:attachment":[{"href":"https:\/\/raulavellaneda.de\/index.php?rest_route=%2Fwp%2Fv2%2Fmedia&parent=2537"}],"curies":[{"name":"wp","href":"https:\/\/api.w.org\/{rel}","templated":true}]}}