{"id":1664,"date":"2023-11-20T21:47:41","date_gmt":"2023-11-20T20:47:41","guid":{"rendered":"https:\/\/raulavellaneda.de\/?page_id=1664"},"modified":"2024-02-29T00:24:55","modified_gmt":"2024-02-28T23:24:55","slug":"variationen-ueber-leonardos-koepfe","status":"publish","type":"page","link":"https:\/\/raulavellaneda.de\/?page_id=1664","title":{"rendered":"&#8222;Fenster der Seele&#8220;"},"content":{"rendered":"\n<div style=\"height:20px\" aria-hidden=\"true\" class=\"wp-block-spacer\"><\/div>\n\n\n\n<p class=\"has-medium-font-size\">Avellaneda suchte erneut ein Refugium in seiner k\u00fcnstlerischen Arbeit. Auf diese Weise entstand, in Gahlen, die Serie &#8222;Variationen \u00fcber Leonardos K\u00f6pfe&#8220;. <\/p>\n\n\n\n<p class=\"has-medium-font-size\"><em>&#8222;Ich hockte erneut auf dem Boden im dunklen Atelier, zeichnete und konstruierte Objekte, die meine zerrissene innere Befindlichkeit wiedergaben. Ich vermisste den Geruch nach Andenh\u00f6he, nach Retama und Huacatay&#8230;&#8220;<\/em><\/p>\n\n\n\n<div style=\"height:20px\" aria-hidden=\"true\" class=\"wp-block-spacer\"><\/div>\n\n\n\n<div class=\"wp-block-columns is-layout-flex wp-container-core-columns-is-layout-9d6595d7 wp-block-columns-is-layout-flex\">\n<div class=\"wp-block-column is-layout-flow wp-block-column-is-layout-flow\">\n<figure class=\"wp-block-image size-large is-resized\"><img loading=\"lazy\" decoding=\"async\" width=\"480\" height=\"638\" src=\"https:\/\/raulavellaneda.de\/wp-content\/uploads\/web-IMG_0669.jpg\" alt=\"\" class=\"wp-image-1674\" style=\"width:350px\" srcset=\"https:\/\/raulavellaneda.de\/wp-content\/uploads\/web-IMG_0669.jpg 480w, https:\/\/raulavellaneda.de\/wp-content\/uploads\/web-IMG_0669-226x300.jpg 226w\" sizes=\"auto, (max-width: 480px) 85vw, 480px\" \/><figcaption class=\"wp-element-caption\">Aus der Serie &#8222;Fenster der Seele&#8220;, Kopf I, Mischtechnik auf Papier, 29,4 x 39,8 cm, 1991<\/figcaption><\/figure>\n<\/div>\n\n\n\n<div class=\"wp-block-column is-layout-flow wp-block-column-is-layout-flow\">\n<figure class=\"wp-block-image size-full is-resized\"><img loading=\"lazy\" decoding=\"async\" width=\"480\" height=\"636\" src=\"https:\/\/raulavellaneda.de\/wp-content\/uploads\/web-IMG_0692.jpg\" alt=\"\" class=\"wp-image-1675\" style=\"width:350px\" srcset=\"https:\/\/raulavellaneda.de\/wp-content\/uploads\/web-IMG_0692.jpg 480w, https:\/\/raulavellaneda.de\/wp-content\/uploads\/web-IMG_0692-226x300.jpg 226w\" sizes=\"auto, (max-width: 480px) 85vw, 480px\" \/><figcaption class=\"wp-element-caption\">Aus der Serie &#8222;Fenster der Seele&#8220;, Kopf II, Mischtechnik auf Papier, 29,4 x 39,8 cm, 1991<\/figcaption><\/figure>\n<\/div>\n<\/div>\n\n\n\n<div style=\"height:120px\" aria-hidden=\"true\" class=\"wp-block-spacer\"><\/div>\n\n\n<div class=\"wp-block-image\">\n<figure class=\"aligncenter size-large\"><img loading=\"lazy\" decoding=\"async\" width=\"480\" height=\"648\" src=\"https:\/\/raulavellaneda.de\/wp-content\/uploads\/web-IMG_0672.jpg\" alt=\"\" class=\"wp-image-1668\" srcset=\"https:\/\/raulavellaneda.de\/wp-content\/uploads\/web-IMG_0672.jpg 480w, https:\/\/raulavellaneda.de\/wp-content\/uploads\/web-IMG_0672-222x300.jpg 222w\" sizes=\"auto, (max-width: 480px) 85vw, 480px\" \/><figcaption class=\"wp-element-caption\">Aus der Serie &#8222;Fenster der Seele&#8220;, Kopf III, Mischtechnik auf Papier, 29,4 x 39,8 cm, 1991<\/figcaption><\/figure>\n<\/div>\n\n\n<div style=\"height:120px\" aria-hidden=\"true\" class=\"wp-block-spacer\"><\/div>\n\n\n\n<div class=\"wp-block-columns is-layout-flex wp-container-core-columns-is-layout-9d6595d7 wp-block-columns-is-layout-flex\">\n<div class=\"wp-block-column is-layout-flow wp-block-column-is-layout-flow\">\n<figure class=\"wp-block-image size-large is-resized\"><img loading=\"lazy\" decoding=\"async\" width=\"480\" height=\"636\" src=\"https:\/\/raulavellaneda.de\/wp-content\/uploads\/web-IMG_0676.jpg\" alt=\"\" class=\"wp-image-1676\" style=\"width:350px\" srcset=\"https:\/\/raulavellaneda.de\/wp-content\/uploads\/web-IMG_0676.jpg 480w, https:\/\/raulavellaneda.de\/wp-content\/uploads\/web-IMG_0676-226x300.jpg 226w\" sizes=\"auto, (max-width: 480px) 85vw, 480px\" \/><figcaption class=\"wp-element-caption\">Aus der Serie &#8222;Fenster der Seele&#8220;, Kopf IV, Mischtechnik auf Papier, 29,4 x 39,8 cm, 1991<\/figcaption><\/figure>\n<\/div>\n\n\n\n<div class=\"wp-block-column is-layout-flow wp-block-column-is-layout-flow\">\n<figure class=\"wp-block-image size-full is-resized\"><img loading=\"lazy\" decoding=\"async\" width=\"480\" height=\"636\" src=\"https:\/\/raulavellaneda.de\/wp-content\/uploads\/web-IMG_0668.jpg\" alt=\"\" class=\"wp-image-1669\" style=\"width:350px\" srcset=\"https:\/\/raulavellaneda.de\/wp-content\/uploads\/web-IMG_0668.jpg 480w, https:\/\/raulavellaneda.de\/wp-content\/uploads\/web-IMG_0668-226x300.jpg 226w\" sizes=\"auto, (max-width: 480px) 85vw, 480px\" \/><figcaption class=\"wp-element-caption\">Aus der Serie &#8222;Fenster der Seele&#8220;, Kopf V, Mischtechnik auf Papier, 29,4 x 39,8 cm, 1991<\/figcaption><\/figure>\n<\/div>\n<\/div>\n\n\n\n<div style=\"height:120px\" aria-hidden=\"true\" class=\"wp-block-spacer\"><\/div>\n\n\n\n<div class=\"wp-block-columns is-layout-flex wp-container-core-columns-is-layout-9d6595d7 wp-block-columns-is-layout-flex\">\n<div class=\"wp-block-column is-layout-flow wp-block-column-is-layout-flow\">\n<figure class=\"wp-block-image size-full is-resized is-style-default\"><img loading=\"lazy\" decoding=\"async\" width=\"480\" height=\"625\" src=\"https:\/\/raulavellaneda.de\/wp-content\/uploads\/web-IMG_0681-1.jpg\" alt=\"\" class=\"wp-image-3744\" style=\"width:350px\" srcset=\"https:\/\/raulavellaneda.de\/wp-content\/uploads\/web-IMG_0681-1.jpg 480w, https:\/\/raulavellaneda.de\/wp-content\/uploads\/web-IMG_0681-1-230x300.jpg 230w\" sizes=\"auto, (max-width: 480px) 85vw, 480px\" \/><figcaption class=\"wp-element-caption\">Aus der Serie &#8222;Fenster der Seele&#8220;, Kopf VI, Mischtechnik auf Papier, 29,4 x 39,8 cm, 1991<\/figcaption><\/figure>\n<\/div>\n\n\n\n<div class=\"wp-block-column is-layout-flow wp-block-column-is-layout-flow\">\n<figure class=\"wp-block-image size-full is-resized\"><img loading=\"lazy\" decoding=\"async\" width=\"480\" height=\"634\" src=\"https:\/\/raulavellaneda.de\/wp-content\/uploads\/web-IMG_0670.jpg\" alt=\"\" class=\"wp-image-1677\" style=\"width:350px\" srcset=\"https:\/\/raulavellaneda.de\/wp-content\/uploads\/web-IMG_0670.jpg 480w, https:\/\/raulavellaneda.de\/wp-content\/uploads\/web-IMG_0670-227x300.jpg 227w\" sizes=\"auto, (max-width: 480px) 85vw, 480px\" \/><figcaption class=\"wp-element-caption\">Aus der Serie &#8222;Fenster der Seele&#8220;, Kopf VII, Mischtechnik auf Papier, 29,4 x 39,8 cm, 1991<\/figcaption><\/figure>\n<\/div>\n<\/div>\n\n\n\n<div style=\"height:120px\" aria-hidden=\"true\" class=\"wp-block-spacer\"><\/div>\n\n\n<div class=\"wp-block-image\">\n<figure class=\"aligncenter size-full\"><img loading=\"lazy\" decoding=\"async\" width=\"480\" height=\"640\" src=\"https:\/\/raulavellaneda.de\/wp-content\/uploads\/web-IMG_0673.jpg\" alt=\"\" class=\"wp-image-1671\" style=\"object-fit:cover\" srcset=\"https:\/\/raulavellaneda.de\/wp-content\/uploads\/web-IMG_0673.jpg 480w, https:\/\/raulavellaneda.de\/wp-content\/uploads\/web-IMG_0673-225x300.jpg 225w\" sizes=\"auto, (max-width: 480px) 85vw, 480px\" \/><figcaption class=\"wp-element-caption\">Aus der Serie &#8222;Fenster der Seele&#8220;, Kopf VIII, Kohle und Kreide auf Papier, 29,4 x 39,8 cm, 1991<\/figcaption><\/figure>\n<\/div>\n\n\n<div style=\"height:120px\" aria-hidden=\"true\" class=\"wp-block-spacer\"><\/div>\n\n\n\n<div class=\"wp-block-columns is-layout-flex wp-container-core-columns-is-layout-9d6595d7 wp-block-columns-is-layout-flex\">\n<div class=\"wp-block-column is-layout-flow wp-block-column-is-layout-flow\" style=\"flex-basis:50%\">\n<figure class=\"wp-block-image size-large is-resized\"><img loading=\"lazy\" decoding=\"async\" width=\"480\" height=\"629\" src=\"https:\/\/raulavellaneda.de\/wp-content\/uploads\/web-IMG_0679.jpg\" alt=\"\" class=\"wp-image-3745\" style=\"width:350px\" srcset=\"https:\/\/raulavellaneda.de\/wp-content\/uploads\/web-IMG_0679.jpg 480w, https:\/\/raulavellaneda.de\/wp-content\/uploads\/web-IMG_0679-229x300.jpg 229w\" sizes=\"auto, (max-width: 480px) 85vw, 480px\" \/><figcaption class=\"wp-element-caption\">Aus der Serie &#8222;Fenster der Seele&#8220;, Kopf IX, Mischtechnik auf Papier, 29,4 x 39,8 cm, 1991<\/figcaption><\/figure>\n<\/div>\n\n\n\n<div class=\"wp-block-column is-layout-flow wp-block-column-is-layout-flow\" style=\"flex-basis:50%\">\n<figure class=\"wp-block-image size-full is-resized\"><img loading=\"lazy\" decoding=\"async\" width=\"480\" height=\"643\" src=\"https:\/\/raulavellaneda.de\/wp-content\/uploads\/web-IMG_0675.jpg\" alt=\"\" class=\"wp-image-3748\" style=\"width:350px\" srcset=\"https:\/\/raulavellaneda.de\/wp-content\/uploads\/web-IMG_0675.jpg 480w, https:\/\/raulavellaneda.de\/wp-content\/uploads\/web-IMG_0675-224x300.jpg 224w\" sizes=\"auto, (max-width: 480px) 85vw, 480px\" \/><figcaption class=\"wp-element-caption\">Aus der Serie &#8222;Fenster der Seele&#8220;, Kopf X, Kohle und Kreide auf Papier, 29,4 x 39,8 cm, 1991<\/figcaption><\/figure>\n<\/div>\n<\/div>\n\n\n\n<div style=\"height:120px\" aria-hidden=\"true\" class=\"wp-block-spacer\"><\/div>\n\n\n<div class=\"wp-block-image\">\n<figure class=\"aligncenter size-full\"><img loading=\"lazy\" decoding=\"async\" width=\"480\" height=\"628\" src=\"https:\/\/raulavellaneda.de\/wp-content\/uploads\/web-IMG_0683.jpg\" alt=\"\" class=\"wp-image-1673\" srcset=\"https:\/\/raulavellaneda.de\/wp-content\/uploads\/web-IMG_0683.jpg 480w, https:\/\/raulavellaneda.de\/wp-content\/uploads\/web-IMG_0683-229x300.jpg 229w\" sizes=\"auto, (max-width: 480px) 85vw, 480px\" \/><figcaption class=\"wp-element-caption\">Aus der Serie &#8222;Fenster der Seele&#8220;, Kopf XI, Mischtechnik auf Papier, 29,4 x 39,8 cm, 1991<\/figcaption><\/figure>\n<\/div>\n\n\n<div style=\"height:120px\" aria-hidden=\"true\" class=\"wp-block-spacer\"><\/div>\n\n\n\n<div class=\"wp-block-columns is-layout-flex wp-container-core-columns-is-layout-9d6595d7 wp-block-columns-is-layout-flex\">\n<div class=\"wp-block-column is-layout-flow wp-block-column-is-layout-flow\">\n<figure class=\"wp-block-image size-full is-resized\"><img loading=\"lazy\" decoding=\"async\" width=\"480\" height=\"636\" src=\"https:\/\/raulavellaneda.de\/wp-content\/uploads\/web-IMG_0667-2.jpg\" alt=\"\" class=\"wp-image-3747\" style=\"width:350px\" srcset=\"https:\/\/raulavellaneda.de\/wp-content\/uploads\/web-IMG_0667-2.jpg 480w, https:\/\/raulavellaneda.de\/wp-content\/uploads\/web-IMG_0667-2-226x300.jpg 226w\" sizes=\"auto, (max-width: 480px) 85vw, 480px\" \/><figcaption class=\"wp-element-caption\">Aus der Serie &#8222;Fenster der Seele&#8220;, Kopf XII, Mischtechnik auf Papier, 29,4 x 39,8 cm, 1991<\/figcaption><\/figure>\n<\/div>\n\n\n\n<div class=\"wp-block-column is-layout-flow wp-block-column-is-layout-flow\">\n<figure class=\"wp-block-image size-full is-resized\"><img loading=\"lazy\" decoding=\"async\" width=\"480\" height=\"637\" src=\"https:\/\/raulavellaneda.de\/wp-content\/uploads\/web-IMG_0684.jpg\" alt=\"\" class=\"wp-image-3746\" style=\"width:350px\" srcset=\"https:\/\/raulavellaneda.de\/wp-content\/uploads\/web-IMG_0684.jpg 480w, https:\/\/raulavellaneda.de\/wp-content\/uploads\/web-IMG_0684-226x300.jpg 226w\" sizes=\"auto, (max-width: 480px) 85vw, 480px\" \/><figcaption class=\"wp-element-caption\">Aus der Serie &#8222;Fenster der Seele&#8220;, Kopf XIII, Mischtechnik auf Papier, 29,4 x 39,8 cm, 1991<\/figcaption><\/figure>\n<\/div>\n<\/div>\n\n\n\n<div style=\"height:120px\" aria-hidden=\"true\" class=\"wp-block-spacer\"><\/div>\n\n\n<div class=\"wp-block-image\">\n<figure class=\"aligncenter size-full\"><img loading=\"lazy\" decoding=\"async\" width=\"480\" height=\"646\" src=\"https:\/\/raulavellaneda.de\/wp-content\/uploads\/web-IMG_0665.jpg\" alt=\"\" class=\"wp-image-1678\" srcset=\"https:\/\/raulavellaneda.de\/wp-content\/uploads\/web-IMG_0665.jpg 480w, https:\/\/raulavellaneda.de\/wp-content\/uploads\/web-IMG_0665-223x300.jpg 223w\" sizes=\"auto, (max-width: 480px) 85vw, 480px\" \/><figcaption class=\"wp-element-caption\">Aus der Serie &#8222;Fenster der Seele&#8220;, Kopf XIV, Mischtechnik auf Papier, 29,4 x 39,8 cm, 1991<\/figcaption><\/figure>\n<\/div>\n\n\n<div style=\"height:10px\" aria-hidden=\"true\" class=\"wp-block-spacer\"><\/div>\n\n\n\n<p class=\"has-text-align-center has-medium-font-size\"><a href=\"https:\/\/raulavellaneda.de\/?page_id=1337\">Werke<\/a><\/p>\n","protected":false},"excerpt":{"rendered":"<p>Avellaneda suchte erneut ein Refugium in seiner k\u00fcnstlerischen Arbeit. Auf diese Weise entstand, in Gahlen, die Serie &#8222;Variationen \u00fcber Leonardos K\u00f6pfe&#8220;. &#8222;Ich hockte erneut auf dem Boden im dunklen Atelier, zeichnete und konstruierte Objekte, die meine zerrissene innere Befindlichkeit wiedergaben. Ich vermisste den Geruch nach Andenh\u00f6he, nach Retama und Huacatay&#8230;&#8220; Werke<\/p>\n","protected":false},"author":1,"featured_media":0,"parent":0,"menu_order":0,"comment_status":"closed","ping_status":"closed","template":"","meta":{"footnotes":""},"class_list":["post-1664","page","type-page","status-publish","hentry"],"_links":{"self":[{"href":"https:\/\/raulavellaneda.de\/index.php?rest_route=\/wp\/v2\/pages\/1664","targetHints":{"allow":["GET"]}}],"collection":[{"href":"https:\/\/raulavellaneda.de\/index.php?rest_route=\/wp\/v2\/pages"}],"about":[{"href":"https:\/\/raulavellaneda.de\/index.php?rest_route=\/wp\/v2\/types\/page"}],"author":[{"embeddable":true,"href":"https:\/\/raulavellaneda.de\/index.php?rest_route=\/wp\/v2\/users\/1"}],"replies":[{"embeddable":true,"href":"https:\/\/raulavellaneda.de\/index.php?rest_route=%2Fwp%2Fv2%2Fcomments&post=1664"}],"version-history":[{"count":41,"href":"https:\/\/raulavellaneda.de\/index.php?rest_route=\/wp\/v2\/pages\/1664\/revisions"}],"predecessor-version":[{"id":4767,"href":"https:\/\/raulavellaneda.de\/index.php?rest_route=\/wp\/v2\/pages\/1664\/revisions\/4767"}],"wp:attachment":[{"href":"https:\/\/raulavellaneda.de\/index.php?rest_route=%2Fwp%2Fv2%2Fmedia&parent=1664"}],"curies":[{"name":"wp","href":"https:\/\/api.w.org\/{rel}","templated":true}]}}