{"id":1632,"date":"2023-11-20T21:29:45","date_gmt":"2023-11-20T20:29:45","guid":{"rendered":"https:\/\/raulavellaneda.de\/?page_id=1632"},"modified":"2024-03-17T23:11:38","modified_gmt":"2024-03-17T22:11:38","slug":"die-selbstmoerder-kinder","status":"publish","type":"page","link":"https:\/\/raulavellaneda.de\/?page_id=1632","title":{"rendered":"&#8222;Kind, versprich mir, dass du dich erschie\u00dft&#8220;"},"content":{"rendered":"\n<div style=\"height:20px\" aria-hidden=\"true\" class=\"wp-block-spacer\"><\/div>\n\n\n\n<p class=\"has-medium-font-size\">Eine in den USA durchgef\u00fchrte Studie hat ergeben, dass Selbstmord die vierth\u00e4ufigste Todesursache bei 10 bis 14-j\u00e4hrigen Kindern ist und die dritth\u00e4ufigste bei Jugendlichen \u00fcber 15 Jahren. Es wurde sogar der Selbstmord eines 7-J\u00e4hrigen registriert. Laut zwei Studien aus der Schweiz, aus dem Jahr 2004, mit Kindern im Alter von 11 bis 15 Jahren und Jugendlichen zwischen 16 und 20 Jahren, gaben etwa 8% der M\u00e4dchen und 3% der Jungen an, mindestens einen Selbstmordversuch in ihrem Leben unternommen zu haben.<\/p>\n\n\n\n<p class=\"has-medium-font-size\">Seit 2014 ist in Japan Selbstmord die erste Todesursache unter Kindern und Jugendlichen, im Alter zwischen 10 und 19 Jahren.<\/p>\n\n\n\n<p class=\"has-medium-font-size\">Die Mehrheit dieser Studien stellte beim Kinderselbstmord einen steigenden Trend und eine Zunahme des riskanten Verhaltens fest, das vorher nur bei Jugendlichen festgestellt werden konnte.<\/p>\n\n\n\n<p class=\"has-medium-font-size\">Die oft von Kindern gebrauchte sogenannten harten Methoden, um sich selber zu t\u00f6ten, sind:<br>Erh\u00e4ngen, Erschie\u00dfen, Erstechen, Sprung aus der H\u00f6he,<br>Legen\/Werfen auf Bahnschienen, Ertrinken und Strom.<\/p>\n\n\n\n<p class=\"has-medium-font-size\">Zu der weichen Methoden z\u00e4hlen:<br>Einnahme von Substanzen, Schnittverletzungen und das Einatmen von Gas.<\/p>\n\n\n\n<div style=\"height:20px\" aria-hidden=\"true\" class=\"wp-block-spacer\"><\/div>\n\n\n<div class=\"wp-block-image\">\n<figure class=\"aligncenter size-full is-resized\"><img loading=\"lazy\" decoding=\"async\" width=\"840\" height=\"831\" src=\"https:\/\/raulavellaneda.de\/wp-content\/uploads\/web-IMG_0718.jpg\" alt=\"\" class=\"wp-image-1633\" style=\"width:676px;height:auto\" srcset=\"https:\/\/raulavellaneda.de\/wp-content\/uploads\/web-IMG_0718.jpg 840w, https:\/\/raulavellaneda.de\/wp-content\/uploads\/web-IMG_0718-300x297.jpg 300w, https:\/\/raulavellaneda.de\/wp-content\/uploads\/web-IMG_0718-768x760.jpg 768w\" sizes=\"auto, (max-width: 709px) 85vw, (max-width: 909px) 67vw, (max-width: 1362px) 62vw, 840px\" \/><\/figure>\n<\/div>\n\n\n<p class=\"has-text-align-center has-medium-gray-color has-text-color has-link-color has-small-font-size wp-elements-408a56a9acbd9064b818a61a42150b47\"><em>Aus der Serie &#8222;Kind, versprich mir, dass du dich erschie\u00dft&#8220;, Fr\u00fchst\u00fccks-Schneidebrett und bearbeitete Fotokopie,     19 x 18,7 cm, 2000<\/em><\/p>\n\n\n\n<div style=\"height:120px\" aria-hidden=\"true\" class=\"wp-block-spacer\"><\/div>\n\n\n<div class=\"wp-block-image\">\n<figure class=\"aligncenter size-full is-resized\"><img loading=\"lazy\" decoding=\"async\" width=\"840\" height=\"741\" src=\"https:\/\/raulavellaneda.de\/wp-content\/uploads\/web-IMG_0702.jpg\" alt=\"\" class=\"wp-image-1636\" style=\"width:870px;height:auto\" srcset=\"https:\/\/raulavellaneda.de\/wp-content\/uploads\/web-IMG_0702.jpg 840w, https:\/\/raulavellaneda.de\/wp-content\/uploads\/web-IMG_0702-300x265.jpg 300w, https:\/\/raulavellaneda.de\/wp-content\/uploads\/web-IMG_0702-768x677.jpg 768w\" sizes=\"auto, (max-width: 709px) 85vw, (max-width: 909px) 67vw, (max-width: 1362px) 62vw, 840px\" \/><figcaption class=\"wp-element-caption\">Aus der Serie &#8222;Kind, versprich mir, dass du dich erschie\u00dft&#8220;, Acrylfarbe, Graphitpulver und Geschenkpapier mit bearbeiteter Fotokopie, 83 x 95 cm, 2013<\/figcaption><\/figure>\n<\/div>\n\n\n<div style=\"height:120px\" aria-hidden=\"true\" class=\"wp-block-spacer\"><\/div>\n\n\n<div class=\"wp-block-image\">\n<figure class=\"aligncenter size-full\"><img loading=\"lazy\" decoding=\"async\" width=\"480\" height=\"592\" src=\"https:\/\/raulavellaneda.de\/wp-content\/uploads\/web-IMG_0848.jpg\" alt=\"\" class=\"wp-image-3029\" srcset=\"https:\/\/raulavellaneda.de\/wp-content\/uploads\/web-IMG_0848.jpg 480w, https:\/\/raulavellaneda.de\/wp-content\/uploads\/web-IMG_0848-243x300.jpg 243w\" sizes=\"auto, (max-width: 480px) 85vw, 480px\" \/><figcaption class=\"wp-element-caption\">Aus der Serie &#8222;Kind, versprich mir, dass du dich erschie\u00dft&#8220;, Kinderstrickjacke, Wachs, Spa\u00df-Schnuller und bearbeiteter Werbeprospekt, Assemblage, 36 x 47 x 10 cm, 2023<\/figcaption><\/figure>\n<\/div>\n\n\n<div style=\"height:120px\" aria-hidden=\"true\" class=\"wp-block-spacer\"><\/div>\n\n\n<div class=\"wp-block-image\">\n<figure class=\"aligncenter size-full is-resized\"><img loading=\"lazy\" decoding=\"async\" width=\"480\" height=\"585\" src=\"https:\/\/raulavellaneda.de\/wp-content\/uploads\/web-IMG_0698.jpg\" alt=\"\" class=\"wp-image-1639\" style=\"width:626px;height:auto\" srcset=\"https:\/\/raulavellaneda.de\/wp-content\/uploads\/web-IMG_0698.jpg 480w, https:\/\/raulavellaneda.de\/wp-content\/uploads\/web-IMG_0698-246x300.jpg 246w\" sizes=\"auto, (max-width: 480px) 85vw, 480px\" \/><figcaption class=\"wp-element-caption\">Aus der Serie &#8222;Kind, versprich mir, dass du dich erschie\u00dft&#8220;, Acrylfarbe, Graphitpulver und bearbeitete Fotokopie,  49,5 x 60,5 cm, 2013<\/figcaption><\/figure>\n<\/div>\n\n\n<div style=\"height:120px\" aria-hidden=\"true\" class=\"wp-block-spacer\"><\/div>\n\n\n<div class=\"wp-block-image\">\n<figure class=\"aligncenter size-full is-resized\"><img loading=\"lazy\" decoding=\"async\" width=\"480\" height=\"615\" src=\"https:\/\/raulavellaneda.de\/wp-content\/uploads\/web-IMG_0706.jpg\" alt=\"\" class=\"wp-image-1642\" style=\"width:548px;height:auto\" srcset=\"https:\/\/raulavellaneda.de\/wp-content\/uploads\/web-IMG_0706.jpg 480w, https:\/\/raulavellaneda.de\/wp-content\/uploads\/web-IMG_0706-234x300.jpg 234w\" sizes=\"auto, (max-width: 480px) 85vw, 480px\" \/><figcaption class=\"wp-element-caption\">Aus der Serie &#8222;Kind, versprich mir, dass du dich erschie\u00dft&#8220;, Kindergeschenkpapier, bearbeitete Werbeprospekte und Ausschnitt eines Pornoheftes auf Leinen, 30 x 40 x 2 cm, 2010<\/figcaption><\/figure>\n<\/div>\n\n\n<div style=\"height:120px\" aria-hidden=\"true\" class=\"wp-block-spacer\"><\/div>\n\n\n<div class=\"wp-block-image\">\n<figure class=\"aligncenter size-full is-resized\"><img loading=\"lazy\" decoding=\"async\" width=\"480\" height=\"392\" src=\"https:\/\/raulavellaneda.de\/wp-content\/uploads\/web-IMG_0704.jpg\" alt=\"\" class=\"wp-image-1644\" style=\"width:728px;height:auto\" srcset=\"https:\/\/raulavellaneda.de\/wp-content\/uploads\/web-IMG_0704.jpg 480w, https:\/\/raulavellaneda.de\/wp-content\/uploads\/web-IMG_0704-300x245.jpg 300w\" sizes=\"auto, (max-width: 480px) 85vw, 480px\" \/><figcaption class=\"wp-element-caption\">Aus der Serie &#8222;Kind, versprich mir, dass du dich erschie\u00dft&#8220;, bearbeitete Werbezeitschrift f\u00fcr Kinder,  bearbeitete Fotokopie auf Verpackungspappe, 39 x 32 cm  2010<\/figcaption><\/figure>\n<\/div>\n\n\n<div style=\"height:120px\" aria-hidden=\"true\" class=\"wp-block-spacer\"><\/div>\n\n\n<div class=\"wp-block-image\">\n<figure class=\"aligncenter size-full is-resized\"><img loading=\"lazy\" decoding=\"async\" width=\"480\" height=\"615\" src=\"https:\/\/raulavellaneda.de\/wp-content\/uploads\/web-IMG_0705.jpg\" alt=\"\" class=\"wp-image-1646\" style=\"width:560px;height:auto\" srcset=\"https:\/\/raulavellaneda.de\/wp-content\/uploads\/web-IMG_0705.jpg 480w, https:\/\/raulavellaneda.de\/wp-content\/uploads\/web-IMG_0705-234x300.jpg 234w\" sizes=\"auto, (max-width: 480px) 85vw, 480px\" \/><figcaption class=\"wp-element-caption\">Aus der Serie &#8222;Kind, versprich mir, dass du dich erschie\u00dft&#8220;, Mischtechnik mit bearbeiteter Fotokopie auf Verpackungspappe, 39,5 x 51 cm, 2010<\/figcaption><\/figure>\n<\/div>\n\n\n<div style=\"height:120px\" aria-hidden=\"true\" class=\"wp-block-spacer\"><\/div>\n\n\n<div class=\"wp-block-image\">\n<figure class=\"aligncenter size-full is-resized\"><img loading=\"lazy\" decoding=\"async\" width=\"480\" height=\"610\" src=\"https:\/\/raulavellaneda.de\/wp-content\/uploads\/web-IMG_0703.jpg\" alt=\"\" class=\"wp-image-1648\" style=\"width:558px;height:auto\" srcset=\"https:\/\/raulavellaneda.de\/wp-content\/uploads\/web-IMG_0703.jpg 480w, https:\/\/raulavellaneda.de\/wp-content\/uploads\/web-IMG_0703-236x300.jpg 236w\" sizes=\"auto, (max-width: 480px) 85vw, 480px\" \/><figcaption class=\"wp-element-caption\">Aus der Serie &#8222;Kind, versprich mir, dass du dich erschie\u00dft&#8220;, bearbeitete Werbeprospekte und Ausschnitt eines Pornoheftes auf Verpackungspappe, 39,8 x 52 cm, 2010<\/figcaption><\/figure>\n<\/div>\n\n\n<div style=\"height:120px\" aria-hidden=\"true\" class=\"wp-block-spacer\"><\/div>\n\n\n<div class=\"wp-block-image\">\n<figure class=\"aligncenter size-full is-resized\"><img loading=\"lazy\" decoding=\"async\" width=\"480\" height=\"673\" src=\"https:\/\/raulavellaneda.de\/wp-content\/uploads\/web-IMG_0708.jpg\" alt=\"\" class=\"wp-image-1650\" style=\"width:544px;height:auto\" srcset=\"https:\/\/raulavellaneda.de\/wp-content\/uploads\/web-IMG_0708.jpg 480w, https:\/\/raulavellaneda.de\/wp-content\/uploads\/web-IMG_0708-214x300.jpg 214w\" sizes=\"auto, (max-width: 480px) 85vw, 480px\" \/><figcaption class=\"wp-element-caption\">Aus der Serie &#8222;Kind, versprich mir, dass du dich erschie\u00dft&#8220;, bearbeitete Werbeprospekte und Ausschnitt eines Pornoheftes auf Leinen, 21 x 30 x 2 cm, 2010<\/figcaption><\/figure>\n<\/div>\n\n\n<div style=\"height:120px\" aria-hidden=\"true\" class=\"wp-block-spacer\"><\/div>\n\n\n<div class=\"wp-block-image\">\n<figure class=\"aligncenter size-full is-resized\"><img loading=\"lazy\" decoding=\"async\" width=\"704\" height=\"480\" src=\"https:\/\/raulavellaneda.de\/wp-content\/uploads\/web-IMG_0707-rotated.jpg\" alt=\"\" class=\"wp-image-1652\" style=\"width:878px;height:auto\" srcset=\"https:\/\/raulavellaneda.de\/wp-content\/uploads\/web-IMG_0707-rotated.jpg 704w, https:\/\/raulavellaneda.de\/wp-content\/uploads\/web-IMG_0707-300x205.jpg 300w\" sizes=\"auto, (max-width: 704px) 85vw, 704px\" \/><figcaption class=\"wp-element-caption\">Aus der Serie &#8222;Kind, versprich mir, dass du dich erschie\u00dft&#8220;, bearbeitete Werbeprospekte, Geschenkpapier und Ausschnitt eines Pornoheftes auf Leinen, 54,5 x 36 x 2 cm, 2010<\/figcaption><\/figure>\n<\/div>\n\n\n<div style=\"height:120px\" aria-hidden=\"true\" class=\"wp-block-spacer\"><\/div>\n\n\n<div class=\"wp-block-image\">\n<figure class=\"aligncenter size-full\"><img loading=\"lazy\" decoding=\"async\" width=\"840\" height=\"702\" src=\"https:\/\/raulavellaneda.de\/wp-content\/uploads\/web-IMG_0699-1.jpg\" alt=\"\" class=\"wp-image-3847\" srcset=\"https:\/\/raulavellaneda.de\/wp-content\/uploads\/web-IMG_0699-1.jpg 840w, https:\/\/raulavellaneda.de\/wp-content\/uploads\/web-IMG_0699-1-300x251.jpg 300w, https:\/\/raulavellaneda.de\/wp-content\/uploads\/web-IMG_0699-1-768x642.jpg 768w\" sizes=\"auto, (max-width: 709px) 85vw, (max-width: 909px) 67vw, (max-width: 1362px) 62vw, 840px\" \/><figcaption class=\"wp-element-caption\">Aus der Serie &#8222;Kind, versprich mir, dass du dich erschie\u00dft&#8220;, Mischtechnik mit bearbeiteter Fotokopie, 52 x 43 cm, 2014<\/figcaption><\/figure>\n<\/div>\n\n\n<div style=\"height:10px\" aria-hidden=\"true\" class=\"wp-block-spacer\"><\/div>\n\n\n\n<p class=\"has-text-align-center has-medium-font-size\"><a href=\"https:\/\/raulavellaneda.de\/?page_id=1337\">Werke<\/a><\/p>\n","protected":false},"excerpt":{"rendered":"<p>Eine in den USA durchgef\u00fchrte Studie hat ergeben, dass Selbstmord die vierth\u00e4ufigste Todesursache bei 10 bis 14-j\u00e4hrigen Kindern ist und die dritth\u00e4ufigste bei Jugendlichen \u00fcber 15 Jahren. Es wurde sogar der Selbstmord eines 7-J\u00e4hrigen registriert. Laut zwei Studien aus der Schweiz, aus dem Jahr 2004, mit Kindern im Alter von 11 bis 15 Jahren und &hellip; <a href=\"https:\/\/raulavellaneda.de\/?page_id=1632\" class=\"more-link\"><span class=\"screen-reader-text\">\u201e&#8222;Kind, versprich mir, dass du dich erschie\u00dft&#8220;\u201c<\/span> weiterlesen<\/a><\/p>\n","protected":false},"author":1,"featured_media":0,"parent":0,"menu_order":0,"comment_status":"closed","ping_status":"closed","template":"","meta":{"footnotes":""},"class_list":["post-1632","page","type-page","status-publish","hentry"],"_links":{"self":[{"href":"https:\/\/raulavellaneda.de\/index.php?rest_route=\/wp\/v2\/pages\/1632","targetHints":{"allow":["GET"]}}],"collection":[{"href":"https:\/\/raulavellaneda.de\/index.php?rest_route=\/wp\/v2\/pages"}],"about":[{"href":"https:\/\/raulavellaneda.de\/index.php?rest_route=\/wp\/v2\/types\/page"}],"author":[{"embeddable":true,"href":"https:\/\/raulavellaneda.de\/index.php?rest_route=\/wp\/v2\/users\/1"}],"replies":[{"embeddable":true,"href":"https:\/\/raulavellaneda.de\/index.php?rest_route=%2Fwp%2Fv2%2Fcomments&post=1632"}],"version-history":[{"count":57,"href":"https:\/\/raulavellaneda.de\/index.php?rest_route=\/wp\/v2\/pages\/1632\/revisions"}],"predecessor-version":[{"id":5035,"href":"https:\/\/raulavellaneda.de\/index.php?rest_route=\/wp\/v2\/pages\/1632\/revisions\/5035"}],"wp:attachment":[{"href":"https:\/\/raulavellaneda.de\/index.php?rest_route=%2Fwp%2Fv2%2Fmedia&parent=1632"}],"curies":[{"name":"wp","href":"https:\/\/api.w.org\/{rel}","templated":true}]}}