{"id":1500,"date":"2023-11-16T13:44:21","date_gmt":"2023-11-16T12:44:21","guid":{"rendered":"https:\/\/raulavellaneda.de\/?page_id=1500"},"modified":"2024-12-18T16:27:30","modified_gmt":"2024-12-18T15:27:30","slug":"familiaere-szenen","status":"publish","type":"page","link":"https:\/\/raulavellaneda.de\/?page_id=1500","title":{"rendered":"Familienleben"},"content":{"rendered":"\n<div style=\"height:20px\" aria-hidden=\"true\" class=\"wp-block-spacer\"><\/div>\n\n\n\n<p class=\"has-medium-font-size\">F\u00fcr diese Fotoaktion nutzte Ra\u00fal Avellaneda Erinnerungsst\u00fccke seiner Kindheit: Das Bild der heiligen Mutter Gottes, das im Schlafraum einer Tante hing, die jahrelang zur\u00fcckgezogen auf den Tod wartete, gebrauchte Kleider und eine Handtasche seiner fr\u00fch verstorbenen Mutter, sowie das Foto seines Vaters. Ebenfalls wurden, f\u00fcr die Fotoaktion, gebrauchte Gegenst\u00e4nde eines verlassenen Krankenhauses und der Stuhl des Dienstm\u00e4dchens des Hauses genutzt.<\/p>\n\n\n\n<p class=\"has-medium-font-size\">Die L\u00e4uterung des dargestellten Opfers sollte dazu dienen, die Perversionen des Familienlebens zu normalisieren.<\/p>\n\n\n\n<div style=\"height:20px\" aria-hidden=\"true\" class=\"wp-block-spacer\"><\/div>\n\n\n\n<div class=\"wp-block-columns is-layout-flex wp-container-core-columns-is-layout-9d6595d7 wp-block-columns-is-layout-flex\">\n<div class=\"wp-block-column is-layout-flow wp-block-column-is-layout-flow\" style=\"flex-basis:50%\">\n<figure class=\"wp-block-gallery has-nested-images columns-default is-cropped wp-block-gallery-1 is-layout-flex wp-block-gallery-is-layout-flex\">\n<figure class=\"wp-block-image size-full\"><img loading=\"lazy\" decoding=\"async\" width=\"480\" height=\"703\" data-id=\"5196\" src=\"https:\/\/raulavellaneda.de\/wp-content\/uploads\/web-image0293-gut-1-1.jpg\" alt=\"\" class=\"wp-image-5196\" srcset=\"https:\/\/raulavellaneda.de\/wp-content\/uploads\/web-image0293-gut-1-1.jpg 480w, https:\/\/raulavellaneda.de\/wp-content\/uploads\/web-image0293-gut-1-1-205x300.jpg 205w\" sizes=\"auto, (max-width: 480px) 85vw, 480px\" \/><\/figure>\n<\/figure>\n<\/div>\n\n\n\n<div class=\"wp-block-column is-layout-flow wp-block-column-is-layout-flow\" style=\"flex-basis:50%\">\n<figure class=\"wp-block-image size-full\"><img loading=\"lazy\" decoding=\"async\" width=\"480\" height=\"732\" src=\"https:\/\/raulavellaneda.de\/wp-content\/uploads\/web-image0281-gut.jpg\" alt=\"\" class=\"wp-image-5156\" srcset=\"https:\/\/raulavellaneda.de\/wp-content\/uploads\/web-image0281-gut.jpg 480w, https:\/\/raulavellaneda.de\/wp-content\/uploads\/web-image0281-gut-197x300.jpg 197w\" sizes=\"auto, (max-width: 480px) 85vw, 480px\" \/><\/figure>\n<\/div>\n<\/div>\n\n\n\n<div style=\"height:120px\" aria-hidden=\"true\" class=\"wp-block-spacer\"><\/div>\n\n\n\n<div class=\"wp-block-columns is-layout-flex wp-container-core-columns-is-layout-9d6595d7 wp-block-columns-is-layout-flex\">\n<div class=\"wp-block-column is-layout-flow wp-block-column-is-layout-flow\" style=\"flex-basis:50%\">\n<figure class=\"wp-block-image size-full\"><img loading=\"lazy\" decoding=\"async\" width=\"480\" height=\"741\" src=\"https:\/\/raulavellaneda.de\/wp-content\/uploads\/web-2.jpg\" alt=\"\" class=\"wp-image-1786\" srcset=\"https:\/\/raulavellaneda.de\/wp-content\/uploads\/web-2.jpg 480w, https:\/\/raulavellaneda.de\/wp-content\/uploads\/web-2-194x300.jpg 194w\" sizes=\"auto, (max-width: 480px) 85vw, 480px\" \/><\/figure>\n<\/div>\n\n\n\n<div class=\"wp-block-column is-layout-flow wp-block-column-is-layout-flow\" style=\"flex-basis:50%\">\n<figure class=\"wp-block-image size-full\"><img loading=\"lazy\" decoding=\"async\" width=\"480\" height=\"729\" src=\"https:\/\/raulavellaneda.de\/wp-content\/uploads\/web-image0311-gut-jpg-1.jpg\" alt=\"\" class=\"wp-image-5160\" srcset=\"https:\/\/raulavellaneda.de\/wp-content\/uploads\/web-image0311-gut-jpg-1.jpg 480w, https:\/\/raulavellaneda.de\/wp-content\/uploads\/web-image0311-gut-jpg-1-198x300.jpg 198w\" sizes=\"auto, (max-width: 480px) 85vw, 480px\" \/><\/figure>\n<\/div>\n<\/div>\n\n\n\n<div style=\"height:120px\" aria-hidden=\"true\" class=\"wp-block-spacer\"><\/div>\n\n\n\n<div class=\"wp-block-columns is-layout-flex wp-container-core-columns-is-layout-9d6595d7 wp-block-columns-is-layout-flex\">\n<div class=\"wp-block-column is-layout-flow wp-block-column-is-layout-flow\">\n<figure class=\"wp-block-image size-full\"><img loading=\"lazy\" decoding=\"async\" width=\"480\" height=\"718\" src=\"https:\/\/raulavellaneda.de\/wp-content\/uploads\/web-image0284-gut-.jpg\" alt=\"\" class=\"wp-image-5161\" srcset=\"https:\/\/raulavellaneda.de\/wp-content\/uploads\/web-image0284-gut-.jpg 480w, https:\/\/raulavellaneda.de\/wp-content\/uploads\/web-image0284-gut--201x300.jpg 201w\" sizes=\"auto, (max-width: 480px) 85vw, 480px\" \/><\/figure>\n<\/div>\n\n\n\n<div class=\"wp-block-column is-layout-flow wp-block-column-is-layout-flow\">\n<figure class=\"wp-block-image size-full\"><img loading=\"lazy\" decoding=\"async\" width=\"480\" height=\"720\" src=\"https:\/\/raulavellaneda.de\/wp-content\/uploads\/web-image0283-gut-.jpg\" alt=\"\" class=\"wp-image-5162\" srcset=\"https:\/\/raulavellaneda.de\/wp-content\/uploads\/web-image0283-gut-.jpg 480w, https:\/\/raulavellaneda.de\/wp-content\/uploads\/web-image0283-gut--200x300.jpg 200w\" sizes=\"auto, (max-width: 480px) 85vw, 480px\" \/><\/figure>\n<\/div>\n<\/div>\n\n\n\n<div style=\"height:120px\" aria-hidden=\"true\" class=\"wp-block-spacer\"><\/div>\n\n\n\n<figure class=\"wp-block-image size-full\"><img loading=\"lazy\" decoding=\"async\" width=\"840\" height=\"563\" src=\"https:\/\/raulavellaneda.de\/wp-content\/uploads\/web-image0292-gut.jpg\" alt=\"\" class=\"wp-image-5163\" srcset=\"https:\/\/raulavellaneda.de\/wp-content\/uploads\/web-image0292-gut.jpg 840w, https:\/\/raulavellaneda.de\/wp-content\/uploads\/web-image0292-gut-300x201.jpg 300w, https:\/\/raulavellaneda.de\/wp-content\/uploads\/web-image0292-gut-768x515.jpg 768w\" sizes=\"auto, (max-width: 709px) 85vw, (max-width: 909px) 67vw, (max-width: 1362px) 62vw, 840px\" \/><\/figure>\n\n\n\n<div style=\"height:120px\" aria-hidden=\"true\" class=\"wp-block-spacer\"><\/div>\n\n\n\n<figure class=\"wp-block-image size-full\"><img loading=\"lazy\" decoding=\"async\" width=\"840\" height=\"568\" src=\"https:\/\/raulavellaneda.de\/wp-content\/uploads\/web-image0312-gut-.jpg\" alt=\"\" class=\"wp-image-5164\" srcset=\"https:\/\/raulavellaneda.de\/wp-content\/uploads\/web-image0312-gut-.jpg 840w, https:\/\/raulavellaneda.de\/wp-content\/uploads\/web-image0312-gut--300x203.jpg 300w, https:\/\/raulavellaneda.de\/wp-content\/uploads\/web-image0312-gut--768x519.jpg 768w\" sizes=\"auto, (max-width: 709px) 85vw, (max-width: 909px) 67vw, (max-width: 1362px) 62vw, 840px\" \/><\/figure>\n\n\n\n<div style=\"height:120px\" aria-hidden=\"true\" class=\"wp-block-spacer\"><\/div>\n\n\n\n<div class=\"wp-block-columns is-layout-flex wp-container-core-columns-is-layout-9d6595d7 wp-block-columns-is-layout-flex\">\n<div class=\"wp-block-column is-layout-flow wp-block-column-is-layout-flow\">\n<figure class=\"wp-block-image size-full\"><img loading=\"lazy\" decoding=\"async\" width=\"480\" height=\"721\" src=\"https:\/\/raulavellaneda.de\/wp-content\/uploads\/web-image0298-gut-jpg.jpg\" alt=\"\" class=\"wp-image-5165\" srcset=\"https:\/\/raulavellaneda.de\/wp-content\/uploads\/web-image0298-gut-jpg.jpg 480w, https:\/\/raulavellaneda.de\/wp-content\/uploads\/web-image0298-gut-jpg-200x300.jpg 200w\" sizes=\"auto, (max-width: 480px) 85vw, 480px\" \/><\/figure>\n<\/div>\n\n\n\n<div class=\"wp-block-column is-layout-flow wp-block-column-is-layout-flow\">\n<figure class=\"wp-block-image size-full\"><img loading=\"lazy\" decoding=\"async\" width=\"480\" height=\"720\" src=\"https:\/\/raulavellaneda.de\/wp-content\/uploads\/web-image0286-gut-.jpg\" alt=\"\" class=\"wp-image-5166\" srcset=\"https:\/\/raulavellaneda.de\/wp-content\/uploads\/web-image0286-gut-.jpg 480w, https:\/\/raulavellaneda.de\/wp-content\/uploads\/web-image0286-gut--200x300.jpg 200w\" sizes=\"auto, (max-width: 480px) 85vw, 480px\" \/><\/figure>\n<\/div>\n<\/div>\n\n\n\n<div style=\"height:120px\" aria-hidden=\"true\" class=\"wp-block-spacer\"><\/div>\n\n\n\n<div class=\"wp-block-columns is-layout-flex wp-container-core-columns-is-layout-9d6595d7 wp-block-columns-is-layout-flex\">\n<div class=\"wp-block-column is-layout-flow wp-block-column-is-layout-flow\">\n<figure class=\"wp-block-image size-full\"><img loading=\"lazy\" decoding=\"async\" width=\"480\" height=\"717\" src=\"https:\/\/raulavellaneda.de\/wp-content\/uploads\/web-image0282-gut-.jpg\" alt=\"\" class=\"wp-image-5167\" srcset=\"https:\/\/raulavellaneda.de\/wp-content\/uploads\/web-image0282-gut-.jpg 480w, https:\/\/raulavellaneda.de\/wp-content\/uploads\/web-image0282-gut--201x300.jpg 201w\" sizes=\"auto, (max-width: 480px) 85vw, 480px\" \/><\/figure>\n<\/div>\n\n\n\n<div class=\"wp-block-column is-layout-flow wp-block-column-is-layout-flow\">\n<figure class=\"wp-block-image size-full\"><img loading=\"lazy\" decoding=\"async\" width=\"480\" height=\"720\" src=\"https:\/\/raulavellaneda.de\/wp-content\/uploads\/web-image0309-gut-.jpg\" alt=\"\" class=\"wp-image-5168\" srcset=\"https:\/\/raulavellaneda.de\/wp-content\/uploads\/web-image0309-gut-.jpg 480w, https:\/\/raulavellaneda.de\/wp-content\/uploads\/web-image0309-gut--200x300.jpg 200w\" sizes=\"auto, (max-width: 480px) 85vw, 480px\" \/><\/figure>\n<\/div>\n<\/div>\n\n\n\n<div style=\"height:119px\" aria-hidden=\"true\" class=\"wp-block-spacer\"><\/div>\n\n\n\n<div class=\"wp-block-columns is-layout-flex wp-container-core-columns-is-layout-9d6595d7 wp-block-columns-is-layout-flex\">\n<div class=\"wp-block-column is-layout-flow wp-block-column-is-layout-flow\">\n<figure class=\"wp-block-image size-full\"><img loading=\"lazy\" decoding=\"async\" width=\"480\" height=\"718\" src=\"https:\/\/raulavellaneda.de\/wp-content\/uploads\/web-image0301gut-jpg.jpg\" alt=\"\" class=\"wp-image-5169\" srcset=\"https:\/\/raulavellaneda.de\/wp-content\/uploads\/web-image0301gut-jpg.jpg 480w, https:\/\/raulavellaneda.de\/wp-content\/uploads\/web-image0301gut-jpg-201x300.jpg 201w\" sizes=\"auto, (max-width: 480px) 85vw, 480px\" \/><\/figure>\n<\/div>\n\n\n\n<div class=\"wp-block-column is-layout-flow wp-block-column-is-layout-flow\">\n<figure class=\"wp-block-image size-full\"><img loading=\"lazy\" decoding=\"async\" width=\"480\" height=\"719\" src=\"https:\/\/raulavellaneda.de\/wp-content\/uploads\/web-image0304.jpg\" alt=\"\" class=\"wp-image-5170\" srcset=\"https:\/\/raulavellaneda.de\/wp-content\/uploads\/web-image0304.jpg 480w, https:\/\/raulavellaneda.de\/wp-content\/uploads\/web-image0304-200x300.jpg 200w\" sizes=\"auto, (max-width: 480px) 85vw, 480px\" \/><\/figure>\n<\/div>\n<\/div>\n\n\n\n<div style=\"height:120px\" aria-hidden=\"true\" class=\"wp-block-spacer\"><\/div>\n\n\n\n<div class=\"wp-block-columns is-layout-flex wp-container-core-columns-is-layout-9d6595d7 wp-block-columns-is-layout-flex\">\n<div class=\"wp-block-column is-layout-flow wp-block-column-is-layout-flow\">\n<figure class=\"wp-block-image size-full\"><img loading=\"lazy\" decoding=\"async\" width=\"480\" height=\"718\" src=\"https:\/\/raulavellaneda.de\/wp-content\/uploads\/web-image0300-gut-.jpg\" alt=\"\" class=\"wp-image-5171\" srcset=\"https:\/\/raulavellaneda.de\/wp-content\/uploads\/web-image0300-gut-.jpg 480w, https:\/\/raulavellaneda.de\/wp-content\/uploads\/web-image0300-gut--201x300.jpg 201w\" sizes=\"auto, (max-width: 480px) 85vw, 480px\" \/><\/figure>\n<\/div>\n\n\n\n<div class=\"wp-block-column is-layout-flow wp-block-column-is-layout-flow\">\n<figure class=\"wp-block-image size-full\"><img loading=\"lazy\" decoding=\"async\" width=\"480\" height=\"709\" src=\"https:\/\/raulavellaneda.de\/wp-content\/uploads\/web-image0306-gut-.jpg\" alt=\"\" class=\"wp-image-5172\" srcset=\"https:\/\/raulavellaneda.de\/wp-content\/uploads\/web-image0306-gut-.jpg 480w, https:\/\/raulavellaneda.de\/wp-content\/uploads\/web-image0306-gut--203x300.jpg 203w\" sizes=\"auto, (max-width: 480px) 85vw, 480px\" \/><\/figure>\n<\/div>\n<\/div>\n\n\n\n<div style=\"height:120px\" aria-hidden=\"true\" class=\"wp-block-spacer\"><\/div>\n\n\n\n<div class=\"wp-block-columns is-layout-flex wp-container-core-columns-is-layout-9d6595d7 wp-block-columns-is-layout-flex\">\n<div class=\"wp-block-column is-layout-flow wp-block-column-is-layout-flow\">\n<figure class=\"wp-block-image size-full\"><img loading=\"lazy\" decoding=\"async\" width=\"480\" height=\"720\" src=\"https:\/\/raulavellaneda.de\/wp-content\/uploads\/web-image0303-gut-.jpg\" alt=\"\" class=\"wp-image-5173\" srcset=\"https:\/\/raulavellaneda.de\/wp-content\/uploads\/web-image0303-gut-.jpg 480w, https:\/\/raulavellaneda.de\/wp-content\/uploads\/web-image0303-gut--200x300.jpg 200w\" sizes=\"auto, (max-width: 480px) 85vw, 480px\" \/><\/figure>\n<\/div>\n\n\n\n<div class=\"wp-block-column is-layout-flow wp-block-column-is-layout-flow\">\n<figure class=\"wp-block-image size-full\"><img loading=\"lazy\" decoding=\"async\" width=\"480\" height=\"719\" src=\"https:\/\/raulavellaneda.de\/wp-content\/uploads\/web-image0302-gut-.jpg\" alt=\"\" class=\"wp-image-5174\" srcset=\"https:\/\/raulavellaneda.de\/wp-content\/uploads\/web-image0302-gut-.jpg 480w, https:\/\/raulavellaneda.de\/wp-content\/uploads\/web-image0302-gut--200x300.jpg 200w\" sizes=\"auto, (max-width: 480px) 85vw, 480px\" \/><\/figure>\n<\/div>\n<\/div>\n\n\n\n<div style=\"height:120px\" aria-hidden=\"true\" class=\"wp-block-spacer\"><\/div>\n\n\n\n<figure class=\"wp-block-image size-full\"><img loading=\"lazy\" decoding=\"async\" width=\"840\" height=\"565\" src=\"https:\/\/raulavellaneda.de\/wp-content\/uploads\/web-image0299-gut.jpg\" alt=\"\" class=\"wp-image-5175\" srcset=\"https:\/\/raulavellaneda.de\/wp-content\/uploads\/web-image0299-gut.jpg 840w, https:\/\/raulavellaneda.de\/wp-content\/uploads\/web-image0299-gut-300x202.jpg 300w, https:\/\/raulavellaneda.de\/wp-content\/uploads\/web-image0299-gut-768x517.jpg 768w\" sizes=\"auto, (max-width: 709px) 85vw, (max-width: 909px) 67vw, (max-width: 1362px) 62vw, 840px\" \/><\/figure>\n\n\n\n<div style=\"height:120px\" aria-hidden=\"true\" class=\"wp-block-spacer\"><\/div>\n\n\n\n<div class=\"wp-block-columns is-layout-flex wp-container-core-columns-is-layout-9d6595d7 wp-block-columns-is-layout-flex\">\n<div class=\"wp-block-column is-layout-flow wp-block-column-is-layout-flow\">\n<figure class=\"wp-block-image size-full\"><img loading=\"lazy\" decoding=\"async\" width=\"1709\" height=\"2560\" src=\"https:\/\/raulavellaneda.de\/wp-content\/uploads\/web-image0294-gut-1-1-scaled.jpg\" alt=\"\" class=\"wp-image-5177\" srcset=\"https:\/\/raulavellaneda.de\/wp-content\/uploads\/web-image0294-gut-1-1-scaled.jpg 1709w, https:\/\/raulavellaneda.de\/wp-content\/uploads\/web-image0294-gut-1-1-200x300.jpg 200w, https:\/\/raulavellaneda.de\/wp-content\/uploads\/web-image0294-gut-1-1-683x1024.jpg 683w, https:\/\/raulavellaneda.de\/wp-content\/uploads\/web-image0294-gut-1-1-768x1151.jpg 768w, https:\/\/raulavellaneda.de\/wp-content\/uploads\/web-image0294-gut-1-1-1025x1536.jpg 1025w, https:\/\/raulavellaneda.de\/wp-content\/uploads\/web-image0294-gut-1-1-1367x2048.jpg 1367w, https:\/\/raulavellaneda.de\/wp-content\/uploads\/web-image0294-gut-1-1-1200x1798.jpg 1200w\" sizes=\"auto, (max-width: 709px) 85vw, (max-width: 909px) 67vw, (max-width: 1362px) 62vw, 840px\" \/><\/figure>\n<\/div>\n\n\n\n<div class=\"wp-block-column is-layout-flow wp-block-column-is-layout-flow\">\n<figure class=\"wp-block-image size-full\"><img loading=\"lazy\" decoding=\"async\" width=\"480\" height=\"719\" src=\"https:\/\/raulavellaneda.de\/wp-content\/uploads\/web-image0305-gut-.jpg\" alt=\"\" class=\"wp-image-5178\" srcset=\"https:\/\/raulavellaneda.de\/wp-content\/uploads\/web-image0305-gut-.jpg 480w, https:\/\/raulavellaneda.de\/wp-content\/uploads\/web-image0305-gut--200x300.jpg 200w\" sizes=\"auto, (max-width: 480px) 85vw, 480px\" \/><\/figure>\n<\/div>\n<\/div>\n\n\n\n<div style=\"height:120px\" aria-hidden=\"true\" class=\"wp-block-spacer\"><\/div>\n\n\n\n<figure class=\"wp-block-image size-full\"><img loading=\"lazy\" decoding=\"async\" width=\"840\" height=\"558\" src=\"https:\/\/raulavellaneda.de\/wp-content\/uploads\/web-image0297-gut-.jpg\" alt=\"\" class=\"wp-image-5179\" srcset=\"https:\/\/raulavellaneda.de\/wp-content\/uploads\/web-image0297-gut-.jpg 840w, https:\/\/raulavellaneda.de\/wp-content\/uploads\/web-image0297-gut--300x199.jpg 300w, https:\/\/raulavellaneda.de\/wp-content\/uploads\/web-image0297-gut--768x510.jpg 768w\" sizes=\"auto, (max-width: 709px) 85vw, (max-width: 909px) 67vw, (max-width: 1362px) 62vw, 840px\" \/><\/figure>\n\n\n\n<div style=\"height:120px\" aria-hidden=\"true\" class=\"wp-block-spacer\"><\/div>\n\n\n\n<figure class=\"wp-block-image size-full\"><img loading=\"lazy\" decoding=\"async\" width=\"840\" height=\"557\" src=\"https:\/\/raulavellaneda.de\/wp-content\/uploads\/web-image0290-gut-.jpg\" alt=\"\" class=\"wp-image-5180\" srcset=\"https:\/\/raulavellaneda.de\/wp-content\/uploads\/web-image0290-gut-.jpg 840w, https:\/\/raulavellaneda.de\/wp-content\/uploads\/web-image0290-gut--300x199.jpg 300w, https:\/\/raulavellaneda.de\/wp-content\/uploads\/web-image0290-gut--768x509.jpg 768w\" sizes=\"auto, (max-width: 709px) 85vw, (max-width: 909px) 67vw, (max-width: 1362px) 62vw, 840px\" \/><\/figure>\n\n\n\n<div style=\"height:120px\" aria-hidden=\"true\" class=\"wp-block-spacer\"><\/div>\n\n\n\n<figure class=\"wp-block-image size-full\"><img loading=\"lazy\" decoding=\"async\" width=\"840\" height=\"563\" src=\"https:\/\/raulavellaneda.de\/wp-content\/uploads\/web-image0289-gut-.jpg\" alt=\"\" class=\"wp-image-5181\" srcset=\"https:\/\/raulavellaneda.de\/wp-content\/uploads\/web-image0289-gut-.jpg 840w, https:\/\/raulavellaneda.de\/wp-content\/uploads\/web-image0289-gut--300x201.jpg 300w, https:\/\/raulavellaneda.de\/wp-content\/uploads\/web-image0289-gut--768x515.jpg 768w\" sizes=\"auto, (max-width: 709px) 85vw, (max-width: 909px) 67vw, (max-width: 1362px) 62vw, 840px\" \/><\/figure>\n\n\n\n<div style=\"height:120px\" aria-hidden=\"true\" class=\"wp-block-spacer\"><\/div>\n\n\n\n<figure class=\"wp-block-image size-full\"><img loading=\"lazy\" decoding=\"async\" width=\"840\" height=\"563\" src=\"https:\/\/raulavellaneda.de\/wp-content\/uploads\/web-image0288-gut.jpg\" alt=\"\" class=\"wp-image-5182\" srcset=\"https:\/\/raulavellaneda.de\/wp-content\/uploads\/web-image0288-gut.jpg 840w, https:\/\/raulavellaneda.de\/wp-content\/uploads\/web-image0288-gut-300x201.jpg 300w, https:\/\/raulavellaneda.de\/wp-content\/uploads\/web-image0288-gut-768x515.jpg 768w\" sizes=\"auto, (max-width: 709px) 85vw, (max-width: 909px) 67vw, (max-width: 1362px) 62vw, 840px\" \/><\/figure>\n\n\n\n<div style=\"height:120px\" aria-hidden=\"true\" class=\"wp-block-spacer\"><\/div>\n\n\n\n<div class=\"wp-block-columns is-layout-flex wp-container-core-columns-is-layout-9d6595d7 wp-block-columns-is-layout-flex\">\n<div class=\"wp-block-column is-layout-flow wp-block-column-is-layout-flow\">\n<figure class=\"wp-block-image size-full is-resized\"><img loading=\"lazy\" decoding=\"async\" width=\"480\" height=\"711\" src=\"https:\/\/raulavellaneda.de\/wp-content\/uploads\/web-image09999-gut-1.jpg\" alt=\"\" class=\"wp-image-5199\" style=\"width:367px;height:auto\" srcset=\"https:\/\/raulavellaneda.de\/wp-content\/uploads\/web-image09999-gut-1.jpg 480w, https:\/\/raulavellaneda.de\/wp-content\/uploads\/web-image09999-gut-1-203x300.jpg 203w\" sizes=\"auto, (max-width: 480px) 85vw, 480px\" \/><\/figure>\n<\/div>\n\n\n\n<div class=\"wp-block-column is-layout-flow wp-block-column-is-layout-flow\">\n<figure class=\"wp-block-image size-full is-resized\"><img loading=\"lazy\" decoding=\"async\" width=\"480\" height=\"728\" src=\"https:\/\/raulavellaneda.de\/wp-content\/uploads\/web-image0296-gut-1-rotated.jpg\" alt=\"\" class=\"wp-image-5200\" style=\"width:357px;height:auto\" srcset=\"https:\/\/raulavellaneda.de\/wp-content\/uploads\/web-image0296-gut-1-rotated.jpg 480w, https:\/\/raulavellaneda.de\/wp-content\/uploads\/web-image0296-gut-1-198x300.jpg 198w\" sizes=\"auto, (max-width: 480px) 85vw, 480px\" \/><\/figure>\n<\/div>\n<\/div>\n\n\n\n<div style=\"height:119px\" aria-hidden=\"true\" class=\"wp-block-spacer\"><\/div>\n\n\n<div class=\"wp-block-image\">\n<figure class=\"aligncenter size-full\"><img loading=\"lazy\" decoding=\"async\" width=\"480\" height=\"726\" src=\"https:\/\/raulavellaneda.de\/wp-content\/uploads\/web-image0295-gut-.jpg\" alt=\"\" class=\"wp-image-5185\" srcset=\"https:\/\/raulavellaneda.de\/wp-content\/uploads\/web-image0295-gut-.jpg 480w, https:\/\/raulavellaneda.de\/wp-content\/uploads\/web-image0295-gut--198x300.jpg 198w\" sizes=\"auto, (max-width: 480px) 85vw, 480px\" \/><\/figure>\n<\/div>\n\n\n<div style=\"height:119px\" aria-hidden=\"true\" class=\"wp-block-spacer\"><\/div>\n\n\n\n<div class=\"wp-block-columns is-layout-flex wp-container-core-columns-is-layout-9d6595d7 wp-block-columns-is-layout-flex\">\n<div class=\"wp-block-column is-layout-flow wp-block-column-is-layout-flow\">\n<figure class=\"wp-block-image size-full is-resized\"><img loading=\"lazy\" decoding=\"async\" width=\"480\" height=\"775\" src=\"https:\/\/raulavellaneda.de\/wp-content\/uploads\/web-image0313-gut-1-1.jpg\" alt=\"\" class=\"wp-image-5191\" style=\"width:443px;height:auto\" srcset=\"https:\/\/raulavellaneda.de\/wp-content\/uploads\/web-image0313-gut-1-1.jpg 480w, https:\/\/raulavellaneda.de\/wp-content\/uploads\/web-image0313-gut-1-1-186x300.jpg 186w\" sizes=\"auto, (max-width: 480px) 85vw, 480px\" \/><\/figure>\n<\/div>\n\n\n\n<div class=\"wp-block-column is-layout-flow wp-block-column-is-layout-flow\">\n<figure class=\"wp-block-image size-full is-resized\"><img loading=\"lazy\" decoding=\"async\" width=\"480\" height=\"719\" src=\"https:\/\/raulavellaneda.de\/wp-content\/uploads\/web-image0314-gut-1-1.jpg\" alt=\"\" class=\"wp-image-5193\" style=\"width:447px;height:auto\" srcset=\"https:\/\/raulavellaneda.de\/wp-content\/uploads\/web-image0314-gut-1-1.jpg 480w, https:\/\/raulavellaneda.de\/wp-content\/uploads\/web-image0314-gut-1-1-200x300.jpg 200w\" sizes=\"auto, (max-width: 480px) 85vw, 480px\" \/><\/figure>\n<\/div>\n<\/div>\n\n\n\n<p><\/p>\n\n\n\n<p>Fotos: Ra\u00fal Avellaneda<\/p>\n\n\n\n<p>Mitwirkender: Sergio Zevallos<\/p>\n\n\n\n<div style=\"height:10px\" aria-hidden=\"true\" class=\"wp-block-spacer\"><\/div>\n\n\n\n<p class=\"has-text-align-center has-medium-font-size\"><a href=\"https:\/\/raulavellaneda.de\/?page_id=1337\">Werke<\/a><\/p>\n","protected":false},"excerpt":{"rendered":"<p>F\u00fcr diese Fotoaktion nutzte Ra\u00fal Avellaneda Erinnerungsst\u00fccke seiner Kindheit: Das Bild der heiligen Mutter Gottes, das im Schlafraum einer Tante hing, die jahrelang zur\u00fcckgezogen auf den Tod wartete, gebrauchte Kleider und eine Handtasche seiner fr\u00fch verstorbenen Mutter, sowie das Foto seines Vaters. Ebenfalls wurden, f\u00fcr die Fotoaktion, gebrauchte Gegenst\u00e4nde eines verlassenen Krankenhauses und der Stuhl &hellip; <a href=\"https:\/\/raulavellaneda.de\/?page_id=1500\" class=\"more-link\"><span class=\"screen-reader-text\">\u201eFamilienleben\u201c<\/span> weiterlesen<\/a><\/p>\n","protected":false},"author":1,"featured_media":0,"parent":0,"menu_order":0,"comment_status":"closed","ping_status":"closed","template":"","meta":{"footnotes":""},"class_list":["post-1500","page","type-page","status-publish","hentry"],"_links":{"self":[{"href":"https:\/\/raulavellaneda.de\/index.php?rest_route=\/wp\/v2\/pages\/1500","targetHints":{"allow":["GET"]}}],"collection":[{"href":"https:\/\/raulavellaneda.de\/index.php?rest_route=\/wp\/v2\/pages"}],"about":[{"href":"https:\/\/raulavellaneda.de\/index.php?rest_route=\/wp\/v2\/types\/page"}],"author":[{"embeddable":true,"href":"https:\/\/raulavellaneda.de\/index.php?rest_route=\/wp\/v2\/users\/1"}],"replies":[{"embeddable":true,"href":"https:\/\/raulavellaneda.de\/index.php?rest_route=%2Fwp%2Fv2%2Fcomments&post=1500"}],"version-history":[{"count":39,"href":"https:\/\/raulavellaneda.de\/index.php?rest_route=\/wp\/v2\/pages\/1500\/revisions"}],"predecessor-version":[{"id":5206,"href":"https:\/\/raulavellaneda.de\/index.php?rest_route=\/wp\/v2\/pages\/1500\/revisions\/5206"}],"wp:attachment":[{"href":"https:\/\/raulavellaneda.de\/index.php?rest_route=%2Fwp%2Fv2%2Fmedia&parent=1500"}],"curies":[{"name":"wp","href":"https:\/\/api.w.org\/{rel}","templated":true}]}}